{"id":203,"date":"2011-09-14T09:45:02","date_gmt":"2011-09-14T09:45:02","guid":{"rendered":"http:\/\/cwinsystems.com\/inicio\/"},"modified":"2019-06-10T09:39:50","modified_gmt":"2019-06-10T16:39:50","slug":"home","status":"publish","type":"page","link":"https:\/\/cwinsystems.com\/inicio\/","title":{"rendered":"Inicio"},"content":{"rendered":"<div class=\"row \">\n<p><!--  BLOQUE UNO -------------------------------------------><br \/>\n<div class=\"span12 \"><div class=\"hashAncor\" id=\"AcercaPage\"><\/div>\n<div class=\"spacer\"><\/div><!-- .spacer (end) -->\n<div class=\"title-box clearfix \"><h2 class=\"title-box_primary\">Bienvenidos<\/h2><\/div><!-- \/\/.title-box --><\/div>\n<div class=\"span2 \"><\/div>\n<div class=\"span8 tofade\"><p style=\"text-align: center;\">Somos una empresa ya con mas de 20 a\u00f1os en el desarrollo de aplicaciones para la PyME, con presencia en toda la Rep\u00fablica Mexicana y Estados Unidos, nuestro enfoque es el desarrollo innovador de productos para la automatizaci\u00f3n de procesos.<\/p><\/div>\n<div class=\"span12 \"><div class=\"spacer\"><\/div><!-- .spacer (end) --><\/div>\n<div class=\"span3 tofade\"><div class=\"service-box \"><figure class=\"icon\"><img decoding=\"async\" src=\"https:\/\/cwinsystems.com\/inicio\/wp-content\/plugins\/cherry-plugin\/includes\/images\/icon\/fluffy-cloud-silhouette.png\" alt=\"\" \/><\/figure><div class=\"service-box_body\"><h2 class=\"title\">Hosting<\/h2><div class=\"service-box_txt\">Tenemos a su disposici\u00f3n renta anual de Hospedaje y Dominio con espacio y transferencia mensual ilimitado, adem\u00e1s de montar su propio sitio web usando WordPress, correo electr\u00f3nico y mucho mas.<\/div><\/div><\/div><!-- \/Service Box --><\/div>\n<div class=\"span3 tofade\"><div class=\"service-box \"><figure class=\"icon\"><img decoding=\"async\" src=\"https:\/\/cwinsystems.com\/inicio\/wp-content\/plugins\/cherry-plugin\/includes\/images\/icon\/code.png\" alt=\"\" \/><\/figure><div class=\"service-box_body\"><h2 class=\"title\">Desarrollo<\/h2><div class=\"service-box_txt\">Contamos con Desarrollo Personalizado en diferentes Plataformas, Windows, Android, iOS, WebService, AppWeb y WordPress.<\/div><\/div><\/div><!-- \/Service Box --><\/div>\n<div class=\"span3 tofade\"><div class=\"service-box \"><figure class=\"icon\"><img decoding=\"async\" src=\"https:\/\/cwinsystems.com\/inicio\/wp-content\/plugins\/cherry-plugin\/includes\/images\/icon\/question-sign.png\" alt=\"\" \/><\/figure><div class=\"service-box_body\"><h2 class=\"title\">SOPORTE<\/h2><div class=\"service-box_txt\">Contamos con diferentes medios para ofrecerle documentaci\u00f3n oportuna de nuestros productos, como lo son Foro, Soporte Remoto, Correo Electronico y Asistencia personalizada.<\/div><\/div><\/div><!-- \/Service Box --><\/div>\n<div class=\"span3 tofade\"><div class=\"service-box \"><figure class=\"icon\"><img decoding=\"async\" src=\"https:\/\/cwinsystems.com\/inicio\/wp-content\/plugins\/cherry-plugin\/includes\/images\/icon\/shopping-cart-black-shape.png\" alt=\"\" \/><\/figure><div class=\"service-box_body\"><h2 class=\"title\">Productos<\/h2><div class=\"service-box_txt\">Contamos con una variedad de Software ya fabricado y listo para su venta, como lo son DisPRO, N\u00f3mina, Cloud, Almac\u00e9n Digtal y otros.<\/div><\/div><\/div><!-- \/Service Box --><\/div>\n<\/div><!-- .row (end) -->\n<p><!--  BLOQUE -------------------------------------------><br \/>\n<div class=\"row \">\n<div class=\"span12 \"><div class=\"content_box  \">\n<div class=\"spacer\"><\/div><!-- .spacer (end) -->\n<div class=\"title-box clearfix \"><span class=\"title-box_icon\"><img decoding=\"async\" src=\"https:\/\/cwinsystems.com\/inicio\/wp-content\/themes\/theme52146\/images\/quotes.png\" alt=\"\" \/><\/span><h2 class=\"title-box_primary\">Nuestros clientes comentan<\/h2><\/div><!-- \/\/.title-box -->\n<script type=\"text\/javascript\">\r\n\t\t\t\t\t\tjQuery(window).load(function() {\r\n\t\t\t\t\t\t\tjQuery(\"#flexslider_fkpxlkldbc\").flexslider({\r\n\t\t\t\t\t\t\t\tanimation: \"slide\",\r\n\t\t\t\t\t\t\t\tsmoothHeight : true,\r\n\t\t\t\t\t\t\t\tdirectionNav: true,\r\n\t\t\t\t\t\t\t\tcontrolNav: true,\r\n\t\t\t\t\t\t\t\trtl: false\r\n\t\t\t\t\t\t\t});\r\n\t\t\t\t\t\t});<\/script><div id=\"flexslider_fkpxlkldbc\" class=\"flexslider no-bg testi-home\"><ul class=\"slides\"><li class=\"list-item-0\"><h5><a href=\"https:\/\/cwinsystems.com\/inicio\/testimonial-view\/c-p-edgar-ozuna\/\" title=\"C.P. Edgar Ozuna\">C.P. Edgar Ozuna<\/a><\/h5><p class=\"excerpt\">de El Mayorista: Excelente sistema, nos permite llevar el control de la empresa gracias a sus diferentes m\u00f3dulos, adem\u00e1s de estar en constante actualizaci\u00f3n y desarrollo de\u00a0 soluciones innovadoras a las necesidades que van surgiendo tanto en el negocio como... <\/p><div class=\"post_options\"><span class=\"user\">C.P. Edgar Ozuna<\/span><a class=\"testi-email\" href=\"mailto:c&#111;%6et&#97;b%69l&#105;%64%61&#100;%40%63e%6et&#114;a%6c-m&#97;yo%72&#105;s%74&#97;&#46;%63&#111;%6d\">&#99;o&#110;&#116;a&#98;&#105;&#108;&#105;&#100;&#97;&#100;&#64;&#99;en&#116;r&#97;l-&#109;&#97;yo&#114;ist&#97;&#46;c&#111;m <\/a><\/div><a href=\"https:\/\/cwinsystems.com\/inicio\/testimonial-view\/c-p-edgar-ozuna\/\" class=\"btn btn-primary\" title=\"C.P. Edgar Ozuna\">Read more<\/a><\/li><li class=\"list-item-1\"><h5><a href=\"https:\/\/cwinsystems.com\/inicio\/testimonial-view\/mercados-rojas\/\" title=\"Jorge Eduardo Dominguez Rojas\">Jorge Eduardo Dominguez Rojas<\/a><\/h5><p class=\"excerpt\">de Mercados Rojas: CWin DisPRO es una ERP muy completa que es perfecta para cualquier tipo de negocio mas para un super mercado, muy f\u00e1cil de operar y capacitar al personal , cuenta con bastantes extras incluidos donde te ayuda... <\/p><div class=\"post_options\"><span class=\"user\">Jorge Eduardo Dominguez Rojas<\/span><a class=\"testi-email\" href=\"mailto:j&#114;&#111;j%61%732&#49;0&#64;%67m%61i%6c.&#99;%6f%6d\">&#106;&#114;ojas2&#49;0&#64;&#103;m&#97;i&#108;&#46;com <\/a><\/div><a href=\"https:\/\/cwinsystems.com\/inicio\/testimonial-view\/mercados-rojas\/\" class=\"btn btn-primary\" title=\"Jorge Eduardo Dominguez Rojas\">Read more<\/a><\/li><li class=\"list-item-2\"><h5><a href=\"https:\/\/cwinsystems.com\/inicio\/testimonial-view\/adolfo-mora\/\" title=\"Adolfo Mora\">Adolfo Mora<\/a><\/h5><p class=\"excerpt\">de Mercados Mora: Es un programa con muchas innovaciones rapidez y Servicios, en mi caso a sido de beneficio para reducir tiempos\u00a0 errores y controlar fugas y perdidas... <\/p><div class=\"post_options\"><span class=\"user\">Adolfo Mora<\/span><\/div><a href=\"https:\/\/cwinsystems.com\/inicio\/testimonial-view\/adolfo-mora\/\" class=\"btn btn-primary\" title=\"Adolfo Mora\">Read more<\/a><\/li><\/ul><\/div>\n<div class=\"spacer\"><\/div><!-- .spacer (end) -->\n<div class=\"clear\"><\/div><\/div><!-- .content_box (end) --><\/div>\n<\/div><!-- .row (end) -->\n<p><!--  BLOQUE -------------------------------------------><br \/>\n<div class=\"row \">\n<div class=\"span12 tofade\"><div class=\"title-box clearfix \"><h2 class=\"title-box_primary\">Suscribase a nuestras noticias<\/h2><\/div><!-- \/\/.title-box -->\n<script>(function() {\n\twindow.mc4wp = window.mc4wp || {\n\t\tlisteners: [],\n\t\tforms: {\n\t\t\ton: function(evt, cb) {\n\t\t\t\twindow.mc4wp.listeners.push(\n\t\t\t\t\t{\n\t\t\t\t\t\tevent   : evt,\n\t\t\t\t\t\tcallback: cb\n\t\t\t\t\t}\n\t\t\t\t);\n\t\t\t}\n\t\t}\n\t}\n})();\n<\/script><!-- Mailchimp for WordPress v4.11.1 - https:\/\/wordpress.org\/plugins\/mailchimp-for-wp\/ --><form id=\"mc4wp-form-1\" class=\"mc4wp-form mc4wp-form-2038\" method=\"post\" data-id=\"2038\" data-name=\"\" ><div class=\"mc4wp-form-fields\"><table border=\"0\" cellpadding=\"3\" cellspacing=\"0\">\r\n\r\n  \t<tbody>\r\n          <tr>\r\n            <td align=\"left\">\r\n            \r\n              <input class=\"newsletter-email\" type=\"email\" name=\"EMAIL\" size=\"30\" placeholder=\"Correo Electr\u00f3nico\" required=\"\">          \r\n            <\/td>\r\n          <\/tr>\r\n\r\n          <tr>\r\n            <td colspan=\"2\" class=\"newsletter-td-submit\">\r\n              <span class=\"input-btn btn btn-from-top\"><span>\r\n              <input class=\"newsletter-submit\" value=\"Subscribe\" type=\"submit\">\r\n              \r\n                <\/span><\/span>\r\n            <\/td>\r\n          <\/tr>\r\n\t<\/tbody>\r\n<\/table><\/div><label style=\"display: none !important;\">Leave this field empty if you're human: <input type=\"text\" name=\"_mc4wp_honeypot\" value=\"\" tabindex=\"-1\" autocomplete=\"off\" \/><\/label><input type=\"hidden\" name=\"_mc4wp_timestamp\" value=\"1778841242\" \/><input type=\"hidden\" name=\"_mc4wp_form_id\" value=\"2038\" \/><input type=\"hidden\" name=\"_mc4wp_form_element_id\" value=\"mc4wp-form-1\" \/><div class=\"mc4wp-response\"><\/div><\/form><!-- \/ Mailchimp for WordPress Plugin -->\n<p style=\"text-align: center;\">Periodicamente lo mantendremos informado de las novedades que tenemos de nuestros productos, as\u00ed como ayuda en temas novedosos.<\/p><\/div>\n<\/div><!-- .row (end) -->\n<div id=\"statcounter_image\" style=\"display: inline;\"><a class=\"statcounter\" title=\"Web Analytics\" href=\"https:\/\/statcounter.com\/\"><img decoding=\"async\" class=\"aligncenter\" src=\"https:\/\/c.statcounter.com\/1903949\/0\/48e02c6f\/0\/\" alt=\"Web Analytics\" \/><\/a><\/div>\n","protected":false},"excerpt":{"rendered":"","protected":false},"author":1,"featured_media":0,"parent":0,"menu_order":0,"comment_status":"open","ping_status":"closed","template":"page-home.php","meta":{"footnotes":""},"class_list":["post-203","page","type-page","status-publish","hentry"],"_links":{"self":[{"href":"https:\/\/cwinsystems.com\/inicio\/wp-json\/wp\/v2\/pages\/203","targetHints":{"allow":["GET"]}}],"collection":[{"href":"https:\/\/cwinsystems.com\/inicio\/wp-json\/wp\/v2\/pages"}],"about":[{"href":"https:\/\/cwinsystems.com\/inicio\/wp-json\/wp\/v2\/types\/page"}],"author":[{"embeddable":true,"href":"https:\/\/cwinsystems.com\/inicio\/wp-json\/wp\/v2\/users\/1"}],"replies":[{"embeddable":true,"href":"https:\/\/cwinsystems.com\/inicio\/wp-json\/wp\/v2\/comments?post=203"}],"version-history":[{"count":68,"href":"https:\/\/cwinsystems.com\/inicio\/wp-json\/wp\/v2\/pages\/203\/revisions"}],"predecessor-version":[{"id":3413,"href":"https:\/\/cwinsystems.com\/inicio\/wp-json\/wp\/v2\/pages\/203\/revisions\/3413"}],"wp:attachment":[{"href":"https:\/\/cwinsystems.com\/inicio\/wp-json\/wp\/v2\/media?parent=203"}],"curies":[{"name":"wp","href":"https:\/\/api.w.org\/{rel}","templated":true}]}}