{"id":2914,"date":"2019-06-19T18:58:08","date_gmt":"2019-06-20T01:58:08","guid":{"rendered":"http:\/\/cwinsystems.com\/inicio\/?page_id=2914"},"modified":"2019-06-26T21:46:08","modified_gmt":"2019-06-27T04:46:08","slug":"reporteador-sql","status":"publish","type":"page","link":"https:\/\/cwinsystems.com\/inicio\/dispro\/reporteador-sql\/","title":{"rendered":"Reporteador SQL"},"content":{"rendered":"<h3 id='dispro->-reporteador-sql'  id=\"boomdevs_1\" style=\"text-align: center;\"><a href=\"https:\/\/cwinsystems.com\/inicio\/dispro\/\">DisPRO<\/a> &gt; Reporteador SQL<\/h3>\n<h6 id='disponible-en-edici\u00f3n-ultimate-y-ucloud'  id=\"boomdevs_2\" style=\"text-align: center;\">Disponible en Edici\u00f3n Ultimate y UCloud<\/h6>\n<p>Modulo especializado para obtener reportes personalizados de la base de datos directamente, utilizando el Lenguaje de Consulta SQL, que permite obtener diversos tipos de reportes y gran variedad de forma de presentarlos, lo cual permite que sea ilimitado los reportes que podr\u00e1 obtener.<\/p>\n<p>Para los principiantes, esta es una documentaci\u00f3n muy buena de SQL y Firebird, <a href=\"https:\/\/firebird21.wordpress.com\/category\/principiantes\/\">clic aqu\u00ed<\/a><\/p>\n<div class=\"spacer\"><\/div><!-- .spacer (end) -->\n<p style=\"text-align: center;\">\n\t\t<!-- MasterSlider -->\n\t\t<div id=\"P_MS69e74b4a44384\" class=\"master-slider-parent ms-tabs-template ms-parent-id-12\" style=\"max-width:973px;\"  >\n\n\t\t\t\n\t\t\t<!-- MasterSlider Main -->\n\t\t\t<div id=\"MS69e74b4a44384\" class=\"master-slider ms-skin-default\" >\n\t\t\t\t \t\t\t\t \n\n\t\t\t<div  class=\"ms-slide\" data-delay=\"3\" data-fill-mode=\"fill\"   >\n\t\t\t\t\t<img decoding=\"async\" src=\"https:\/\/cwinsystems.com\/inicio\/wp-content\/plugins\/masterslider\/public\/assets\/css\/blank.gif\" alt=\"\" title=\"Reporte1\" data-src=\"https:\/\/cwinsystems.com\/inicio\/wp-content\/uploads\/2019\/06\/Reporte1.png\" \/>\n\n\n\t<div class=\"ms-thumb\" ><div class=\"ms-tab-context\"><p style=\"line-height: normal; margin: 0px; padding: 0px;\"><span style=\"color: #000000;\"><b>\u00c1rbol<\/b><\/span><strong> de Reportes<\/strong><\/p><p style=\"line-height: normal; font-size: x-small;\">Su equipo de sistemas podr\u00e1 generar m\u00faltiples reportes de forma ilimitada y ordenarlos en \u00e1rbol y ser consultados por los usuarios con privilegios<\/p><\/div>\n<\/div>\n\t\t\t\t<\/div>\n\t\t\t<div  class=\"ms-slide\" data-delay=\"3\" data-fill-mode=\"fill\"   >\n\t\t\t\t\t<img decoding=\"async\" src=\"https:\/\/cwinsystems.com\/inicio\/wp-content\/plugins\/masterslider\/public\/assets\/css\/blank.gif\" alt=\"\" title=\"Reporte2\" data-src=\"https:\/\/cwinsystems.com\/inicio\/wp-content\/uploads\/2019\/06\/Reporte2.png\" \/>\n\n\n\t<div class=\"ms-thumb\" ><div class=\"ms-tab-context\"><p style=\"line-height: normal; margin: 0px; padding: 0px;\"><strong>Dise\u00f1ador de SQL<\/strong><\/p><p style=\"line-height: normal; font-size: x-small;\">De forma din\u00e1mica seleccione las tablas, relaciones, agrupaciones, y todo lo que tiene que ver con SQL de forma visual<\/p><\/div>\n<\/div>\n\t\t\t\t<\/div>\n\t\t\t<div  class=\"ms-slide\" data-delay=\"3\" data-fill-mode=\"fill\"   >\n\t\t\t\t\t<img decoding=\"async\" src=\"https:\/\/cwinsystems.com\/inicio\/wp-content\/plugins\/masterslider\/public\/assets\/css\/blank.gif\" alt=\"\" title=\"Reporte3\" data-src=\"https:\/\/cwinsystems.com\/inicio\/wp-content\/uploads\/2019\/06\/Reporte3.png\" \/>\n\n\n\t<div class=\"ms-thumb\" ><div class=\"ms-tab-context\"><p style=\"line-height: normal; margin: 0px; padding: 0px;\"><strong>SQL Editor<\/strong><\/p><p style=\"line-height: normal; font-size: x-small;\">Su equipo de programadores podr\u00e1n capturar el c\u00f3digo SQL de forma personalizada y a su gusto<\/p><\/div>\n<\/div>\n\t\t\t\t<\/div>\n\t\t\t<div  class=\"ms-slide\" data-delay=\"3\" data-fill-mode=\"fill\"   >\n\t\t\t\t\t<img decoding=\"async\" src=\"https:\/\/cwinsystems.com\/inicio\/wp-content\/plugins\/masterslider\/public\/assets\/css\/blank.gif\" alt=\"\" title=\"Reporte4\" data-src=\"https:\/\/cwinsystems.com\/inicio\/wp-content\/uploads\/2019\/06\/Reporte4.png\" \/>\n\n\n\t<div class=\"ms-thumb\" ><div class=\"ms-tab-context\"><p style=\"line-height: normal; margin: 0px; padding: 0px;\"><strong>Lista de Resultados<\/strong><\/p><p style=\"line-height: normal; font-size: x-small;\">Genere los resultados del SQL en un listado que puede ser Exportado a Excel o bien impreso<\/p><\/div>\n<\/div>\n\t\t\t\t<\/div>\n\t\t\t<div  class=\"ms-slide\" data-delay=\"3\" data-fill-mode=\"fill\"   >\n\t\t\t\t\t<img decoding=\"async\" src=\"https:\/\/cwinsystems.com\/inicio\/wp-content\/plugins\/masterslider\/public\/assets\/css\/blank.gif\" alt=\"\" title=\"Reporte5\" data-src=\"https:\/\/cwinsystems.com\/inicio\/wp-content\/uploads\/2019\/06\/Reporte5.png\" \/>\n\n\n\t<div class=\"ms-thumb\" ><div class=\"ms-tab-context\"><p style=\"line-height: normal; margin: 0px; padding: 0px;\"><strong>Dise\u00f1ador de Reporte<\/strong><\/p><p style=\"line-height: normal; font-size: x-small;\">A trav\u00e9s de un amigable dise\u00f1ador podr\u00e1 personalizar el reporte para ser presentado en papel o PDF y de esta forma aplicar el dise\u00f1o de su empresa<\/p><\/div>\n<\/div>\n\t\t\t\t<\/div>\n\t\t\t<div  class=\"ms-slide\" data-delay=\"3\" data-fill-mode=\"fill\"   >\n\t\t\t\t\t<img decoding=\"async\" src=\"https:\/\/cwinsystems.com\/inicio\/wp-content\/plugins\/masterslider\/public\/assets\/css\/blank.gif\" alt=\"\" title=\"Reporte6\" data-src=\"https:\/\/cwinsystems.com\/inicio\/wp-content\/uploads\/2019\/06\/Reporte6.png\" \/>\n\n\n\t<div class=\"ms-thumb\" ><div class=\"ms-tab-context\"><p style=\"line-height: normal; margin: 0px; padding: 0px;\"><strong>Reporte Final<\/strong><\/p><p style=\"line-height: normal; font-size: x-small;\">Podr\u00e1 ver la vista final del reporte y generar su Impresi\u00f3n o generar el Archivo en PDF u otro formato<\/p><\/div>\n<\/div>\n\t\t\t\t<\/div>\n\n\t\t\t<\/div>\n\t\t\t<!-- END MasterSlider Main -->\n\n\t\t\t \n\t\t<\/div>\n\t\t<!-- END MasterSlider -->\n\n\t\t<script>\n\t\t( window.MSReady = window.MSReady || [] ).push( function( $ ) {\n\n\t\t\t\"use strict\";\n\t\t\tvar masterslider_4384 = new MasterSlider();\n\n\t\t\t\/\/ slider controls\n\t\t\tmasterslider_4384.control('arrows'     ,{ autohide:true, overVideo:true  });\n\t\t\tmasterslider_4384.control('thumblist'  ,{ autohide:false, overVideo:true, dir:'v', speed:17, inset:false, arrows:false, hover:false, customClass:'', align:'right',type:'tabs', margin:-12, width:229, height:100, space:0, fillMode:'fill' , hideUnder:550 });\n\t\t\tmasterslider_4384.control('circletimer',{ autohide:false, overVideo:true, color:'#FFFFFF', radius:4, stroke:9   });\n\t\t\t\/\/ slider setup\n\t\t\tmasterslider_4384.setup(\"MS69e74b4a44384\", {\n\t\t\t\twidth           : 973,\n\t\t\t\theight          : 634,\n\t\t\t\tminHeight       : 0,\n\t\t\t\tspace           : 0,\n\t\t\t\tstart           : 1,\n\t\t\t\tgrabCursor      : true,\n\t\t\t\tswipe           : true,\n\t\t\t\tmouse           : true,\n\t\t\t\tkeyboard        : false,\n\t\t\t\tlayout          : \"boxed\",\n\t\t\t\twheel           : false,\n\t\t\t\tautoplay        : true,\n                instantStartLayers:false,\n\t\t\t\tmobileBGVideo:false,\n\t\t\t\tloop            : true,\n\t\t\t\tshuffle         : false,\n\t\t\t\tpreload         : 0,\n\t\t\t\theightLimit     : true,\n\t\t\t\tautoHeight      : false,\n\t\t\t\tsmoothHeight    : true,\n\t\t\t\tendPause        : false,\n\t\t\t\toverPause       : true,\n\t\t\t\tfillMode        : \"fill\",\n\t\t\t\tcenterControls  : true,\n\t\t\t\tstartOnAppear   : false,\n\t\t\t\tlayersMode      : \"center\",\n\t\t\t\tautofillTarget  : \"\",\n\t\t\t\thideLayers      : false,\n\t\t\t\tfullscreenMargin: 0,\n\t\t\t\tspeed           : 20,\n\t\t\t\tdir             : \"h\",\n\t\t\t\tresponsive      : true,\n\t\t\t\ttabletWidth     : 768,\n\t\t\t\ttabletHeight    : null,\n\t\t\t\tphoneWidth      : 480,\n\t\t\t\tphoneHeight    : null,\n\t\t\t\tsizingReference : window,\n\t\t\t\tparallaxMode    : 'swipe',\n\t\t\t\tview            : \"basic\"\n\t\t\t});\n\n\t\t\t\n\t\t\twindow.masterslider_instances = window.masterslider_instances || [];\n\t\t\twindow.masterslider_instances.push( masterslider_4384 );\n\t\t});\n\t\t<\/script>\n\n\n<div class=\"spacer\"><\/div><!-- .spacer (end) -->\n<p style=\"text-align: center;\">Para mayor informaci\u00f3n vea las Ediciones disponibles, <a href=\"https:\/\/cwinsystems.com\/inicio\/dispro\/dispro-ediciones\/\">Clic Aqu\u00ed<\/a><\/p>\n","protected":false},"excerpt":{"rendered":"<p>DisPRO &gt; Reporteador SQL Disponible en Edici\u00f3n Ultimate y UCloud Modulo especializado para obtener reportes personalizados de la base de datos directamente, utilizando el Lenguaje de Consulta SQL, que permite obtener diversos tipos de reportes y gran variedad de forma de presentarlos, lo cual permite que sea ilimitado los reportes que podr\u00e1 obtener. Para los principiantes, esta es una documentaci\u00f3n&nbsp;<a href=\"https:\/\/cwinsystems.com\/inicio\/dispro\/reporteador-sql\/\" class=\"read-more\">Continue Reading<\/a><\/p>\n","protected":false},"author":1,"featured_media":2900,"parent":2088,"menu_order":0,"comment_status":"closed","ping_status":"closed","template":"page-home.php","meta":{"footnotes":""},"class_list":["post-2914","page","type-page","status-publish","has-post-thumbnail","hentry"],"_links":{"self":[{"href":"https:\/\/cwinsystems.com\/inicio\/wp-json\/wp\/v2\/pages\/2914","targetHints":{"allow":["GET"]}}],"collection":[{"href":"https:\/\/cwinsystems.com\/inicio\/wp-json\/wp\/v2\/pages"}],"about":[{"href":"https:\/\/cwinsystems.com\/inicio\/wp-json\/wp\/v2\/types\/page"}],"author":[{"embeddable":true,"href":"https:\/\/cwinsystems.com\/inicio\/wp-json\/wp\/v2\/users\/1"}],"replies":[{"embeddable":true,"href":"https:\/\/cwinsystems.com\/inicio\/wp-json\/wp\/v2\/comments?post=2914"}],"version-history":[{"count":13,"href":"https:\/\/cwinsystems.com\/inicio\/wp-json\/wp\/v2\/pages\/2914\/revisions"}],"predecessor-version":[{"id":3193,"href":"https:\/\/cwinsystems.com\/inicio\/wp-json\/wp\/v2\/pages\/2914\/revisions\/3193"}],"up":[{"embeddable":true,"href":"https:\/\/cwinsystems.com\/inicio\/wp-json\/wp\/v2\/pages\/2088"}],"wp:featuredmedia":[{"embeddable":true,"href":"https:\/\/cwinsystems.com\/inicio\/wp-json\/wp\/v2\/media\/2900"}],"wp:attachment":[{"href":"https:\/\/cwinsystems.com\/inicio\/wp-json\/wp\/v2\/media?parent=2914"}],"curies":[{"name":"wp","href":"https:\/\/api.w.org\/{rel}","templated":true}]}}