{"id":2953,"date":"2019-06-20T10:19:11","date_gmt":"2019-06-20T17:19:11","guid":{"rendered":"http:\/\/cwinsystems.com\/inicio\/?page_id=2953"},"modified":"2022-11-08T18:34:38","modified_gmt":"2022-11-09T02:34:38","slug":"dispro-cloud","status":"publish","type":"page","link":"https:\/\/cwinsystems.com\/inicio\/dispro\/dispro-cloud\/","title":{"rendered":"DisPRO Cloud"},"content":{"rendered":"<h3 id='dispro->-dispro-cloud'  id=\"boomdevs_1\" style=\"text-align: center;\"><a href=\"https:\/\/cwinsystems.com\/inicio\/dispro\/\">DisPRO<\/a> &gt; DisPRO Cloud<\/h3>\n<h6 id='disponible-en-edici\u00f3n-ucloud'  id=\"boomdevs_2\" style=\"text-align: center;\">Disponible en Edici\u00f3n UCloud<\/h6>\n<div class=\"row \"><div class=\"span6 \"><h6 id='descripci\u00f3n'  id=\"boomdevs_3\">Descripci\u00f3n<\/h6>\n<p>DisPRO Cloud, es un producto <strong>100% Web<\/strong>, que se encuentra conectado directamente a una base de datos DisPRO, integrando de forma natural las funciones que DisPRO escritorio permite hacer.<\/p>\n<p>En pocas palabras es DisPRO pero en la nube, esta hecho como una <strong>AppWeb<\/strong> Responsiva (se adapta autom\u00e1ticamente al dispositivo usado), es decir, puede ser ejecutada en Celulares, Tabletas, Computadoras (PC o MAC), o cualquier dispositivo que cuente con un Navegador de Internet.<\/p>\n<p>Se ha desarrollado bajo los<strong> mismos est\u00e1ndares de seguridad<\/strong> y forma de trabajo de DisPRO, es decir, las configuraciones que se hagan en DisPRO afectan tambi\u00e9n a la AppWeb.<\/p>\n<p>Esta AppWeb <strong>no remplaza<\/strong> a DisPRO, sino que es un complemento para una empresa y darle movilidad de forma muy segura, ya que No existen paginas creadas de la AppWeb, se van generando conforme el usuario va navegando en la App, haciendo muy seguro en contra de hackers.<\/p>\n<h6 id='caracter\u00edsticas-de-la-appweb'  id=\"boomdevs_4\">Caracter\u00edsticas de la AppWeb<\/h6>\n<ul>\n<li>Acceso con las Credenciales de Usuario<\/li>\n<li>Control de Sesi\u00f3n de Usuario una o m\u00faltiple<\/li>\n<li>Compatibilidad con Multi Almacenes<\/li>\n<li>Es Multi Empresa<\/li>\n<li>Manejo de Plantillas para su personalizaci\u00f3n<\/li>\n<li>Integracion con WhatsApp<\/li>\n<li>Administraci\u00f3n de los Productos y Servicios\n<ul>\n<li>Alta de Art\u00edculos (Productos, Servicios, Kits y Productos con Serie)<\/li>\n<li>Modificaci\u00f3n de Art\u00edculos<\/li>\n<li>Baja de Art\u00edculos<\/li>\n<li>Consulta de Art\u00edculos<\/li>\n<\/ul>\n<\/li>\n<li>Administraci\u00f3n de los Clientes\n<ul>\n<li>Alta de Clientes<\/li>\n<li>Modificaci\u00f3n de Clientes<\/li>\n<li>Baja de Clientes<\/li>\n<li>Consulta de Clientes<\/li>\n<\/ul>\n<\/li>\n<li>Estado de Cuenta del Cliente\n<ul>\n<li>Facturas en Deuda<\/li>\n<li>Generaci\u00f3n de Recibo Electr\u00f3nico de Pagos<\/li>\n<\/ul>\n<\/li>\n<li>Administraci\u00f3n de Ventas\n<ul>\n<li>Creaci\u00f3n de ventas de Productos, Servicios o Productos con Serie.<\/li>\n<li>Generaci\u00f3n de Tickets<\/li>\n<li>Generaci\u00f3n de Facturas Electr\u00f3nicas<\/li>\n<li>Generaci\u00f3n de Recibos de Honorarios<\/li>\n<li>Generaci\u00f3n de Salidas de Almac\u00e9n<\/li>\n<li>Env\u00edo de Correo autom\u00e1tico<\/li>\n<li>Punto de Venta integrado\n<ul>\n<li>Incluye Recargargas MasCelular<\/li>\n<\/ul>\n<\/li>\n<li>POS (en Beta)<\/li>\n<li>Agenda de Citas<\/li>\n<\/ul>\n<\/li>\n<li>Administraci\u00f3n de Proveedores\n<ul>\n<li>Alta de Proveedores<\/li>\n<li>Modificaci\u00f3n de Proveedores<\/li>\n<li>Baja de Proveedores<\/li>\n<li>Consulta de Proveedores<\/li>\n<li>Estado de Cuenta de Proveedores<\/li>\n<\/ul>\n<\/li>\n<li>Administraci\u00f3n de Compras\n<ul>\n<li>Generaci\u00f3n de Compras Nacionales<\/li>\n<li>Generaci\u00f3n de Ordenes de Compra<\/li>\n<li>Generaci\u00f3n de Entradas de Almac\u00e9n<\/li>\n<\/ul>\n<\/li>\n<\/ul><\/div>\n<div class=\"span6 \"><h6 id='appweb-responsiva'  id=\"boomdevs_5\" style=\"text-align: center;\">AppWeb Responsiva<\/h6>\n<p style=\"text-align: center;\">\n\t\t<!-- MasterSlider -->\n\t\t<div id=\"P_MS69f4c9485784a\" class=\"master-slider-parent ms-phone-template ms-parent-id-15\" style=\"max-width:490px;\"  >\n\n\t\t\t<div class=\"ms-phone-cont\"><img decoding=\"async\" src=\"https:\/\/cwinsystems.com\/inicio\/wp-content\/plugins\/masterslider\/public\/assets\/css\/templates\/phone.png\" class=\"ms-phone-bg\" \/><div class=\"ms-lt-slider-cont\">\n\t\t\t<!-- MasterSlider Main -->\n\t\t\t<div id=\"MS69f4c9485784a\" class=\"master-slider ms-skin-default\" >\n\t\t\t\t \t\t\t\t \n\n\t\t\t<div  class=\"ms-slide\" data-delay=\"3\" data-fill-mode=\"fill\"   >\n\t\t\t\t\t<img decoding=\"async\" src=\"https:\/\/cwinsystems.com\/inicio\/wp-content\/plugins\/masterslider\/public\/assets\/css\/blank.gif\" alt=\"\" title=\"InicioSesion-1\" data-src=\"https:\/\/cwinsystems.com\/inicio\/wp-content\/uploads\/2019\/06\/InicioSesion-1.png\" \/>\n\n\n\t\t\t\t<\/div>\n\t\t\t<div  class=\"ms-slide\" data-delay=\"3\" data-fill-mode=\"fill\"   >\n\t\t\t\t\t<img decoding=\"async\" src=\"https:\/\/cwinsystems.com\/inicio\/wp-content\/plugins\/masterslider\/public\/assets\/css\/blank.gif\" alt=\"\" title=\"Dashboard\" data-src=\"https:\/\/cwinsystems.com\/inicio\/wp-content\/uploads\/2019\/06\/Dashboard.png\" \/>\n\n\n\t\t\t\t<\/div>\n\t\t\t<div  class=\"ms-slide\" data-delay=\"3\" data-fill-mode=\"fill\"   >\n\t\t\t\t\t<img decoding=\"async\" src=\"https:\/\/cwinsystems.com\/inicio\/wp-content\/plugins\/masterslider\/public\/assets\/css\/blank.gif\" alt=\"\" title=\"Factura\" data-src=\"https:\/\/cwinsystems.com\/inicio\/wp-content\/uploads\/2019\/06\/Factura.png\" \/>\n\n\n\t\t\t\t<\/div>\n\n\t\t\t<\/div>\n\t\t\t<!-- END MasterSlider Main -->\n\n\t\t\t <\/div><\/div>\n\t\t<\/div>\n\t\t<!-- END MasterSlider -->\n\n\t\t<script>\n\t\t( window.MSReady = window.MSReady || [] ).push( function( $ ) {\n\n\t\t\t\"use strict\";\n\t\t\tvar masterslider_784a = new MasterSlider();\n\n\t\t\t\/\/ slider controls\n\t\t\tmasterslider_784a.control('arrows'     ,{ autohide:true, overVideo:true  });\n\t\t\tmasterslider_784a.control('bullets'    ,{ autohide:true, overVideo:true, dir:'h', align:'bottom', space:6 , margin:10  });\n\t\t\tmasterslider_784a.control('circletimer',{ autohide:false, overVideo:true, color:'#FFFFFF', radius:4, stroke:9   });\n\t\t\t\/\/ slider setup\n\t\t\tmasterslider_784a.setup(\"MS69f4c9485784a\", {\n\t\t\t\twidth           : 490,\n\t\t\t\theight          : 878,\n\t\t\t\tminHeight       : 0,\n\t\t\t\tspace           : 2,\n\t\t\t\tstart           : 1,\n\t\t\t\tgrabCursor      : true,\n\t\t\t\tswipe           : true,\n\t\t\t\tmouse           : true,\n\t\t\t\tkeyboard        : false,\n\t\t\t\tlayout          : \"boxed\",\n\t\t\t\twheel           : false,\n\t\t\t\tautoplay        : true,\n                instantStartLayers:false,\n\t\t\t\tmobileBGVideo:false,\n\t\t\t\tloop            : true,\n\t\t\t\tshuffle         : false,\n\t\t\t\tpreload         : 0,\n\t\t\t\theightLimit     : true,\n\t\t\t\tautoHeight      : false,\n\t\t\t\tsmoothHeight    : true,\n\t\t\t\tendPause        : false,\n\t\t\t\toverPause       : true,\n\t\t\t\tfillMode        : \"fill\",\n\t\t\t\tcenterControls  : true,\n\t\t\t\tstartOnAppear   : false,\n\t\t\t\tlayersMode      : \"center\",\n\t\t\t\tautofillTarget  : \"\",\n\t\t\t\thideLayers      : false,\n\t\t\t\tfullscreenMargin: 0,\n\t\t\t\tspeed           : 20,\n\t\t\t\tdir             : \"h\",\n\t\t\t\tresponsive      : true,\n\t\t\t\ttabletWidth     : 768,\n\t\t\t\ttabletHeight    : null,\n\t\t\t\tphoneWidth      : 480,\n\t\t\t\tphoneHeight    : null,\n\t\t\t\tsizingReference : window,\n\t\t\t\tparallaxMode    : 'swipe',\n\t\t\t\tview            : \"fadeWave\"\n\t\t\t});\n\n\t\t\t\n\t\t\twindow.masterslider_instances = window.masterslider_instances || [];\n\t\t\twindow.masterslider_instances.push( masterslider_784a );\n\t\t});\n\t\t<\/script>\n\n<\/div><\/div><!-- .row (end) -->\n<div class=\"spacer\"><\/div><!-- .spacer (end) -->\n<h3 id='tour-por-dispro-cloud'  id=\"boomdevs_6\" style=\"text-align: center;\">Tour por DisPRO Cloud<\/h3>\n<div class=\"spacer\"><\/div><!-- .spacer (end) -->\n<p style=\"text-align: center;\">\n\t\t<!-- MasterSlider -->\n\t\t<div id=\"P_MS69f4c94858bf9\" class=\"master-slider-parent ms-tabs-template ms-parent-id-14\" style=\"max-width:1276px;\"  >\n\n\t\t\t\n\t\t\t<!-- MasterSlider Main -->\n\t\t\t<div id=\"MS69f4c94858bf9\" class=\"master-slider ms-skin-default\" >\n\t\t\t\t \t\t\t\t \n\n\t\t\t<div  class=\"ms-slide\" data-delay=\"3\" data-fill-mode=\"fill\"   >\n\t\t\t\t\t<img decoding=\"async\" src=\"https:\/\/cwinsystems.com\/inicio\/wp-content\/plugins\/masterslider\/public\/assets\/css\/blank.gif\" alt=\"\" title=\"InicioSesion\" data-src=\"https:\/\/cwinsystems.com\/inicio\/wp-content\/uploads\/2019\/06\/InicioSesion.png\" \/>\n\n\n\t<div class=\"ms-thumb\" ><div class=\"ms-tab-context\"><p style=\"line-height: normal; margin: 0px; padding: 0px;\"><strong>Inicio de Sesi\u00f3n<\/strong><\/p><p style=\"line-height: normal; font-size: x-small;\">Sistema Multi Empresa, de forma ilimitada y con acceso seguro mediante contrase\u00f1a, con las mismas restricciones que usa en DisPRO<\/p><\/div>\n<\/div>\n\t\t\t\t<\/div>\n\t\t\t<div  class=\"ms-slide\" data-delay=\"3\" data-fill-mode=\"fill\"   >\n\t\t\t\t\t<img decoding=\"async\" src=\"https:\/\/cwinsystems.com\/inicio\/wp-content\/plugins\/masterslider\/public\/assets\/css\/blank.gif\" alt=\"\" title=\"Perfil_Usuario\" data-src=\"https:\/\/cwinsystems.com\/inicio\/wp-content\/uploads\/2019\/06\/Perfil_Usuario.png\" \/>\n\n\n\t<div class=\"ms-thumb\" ><div class=\"ms-tab-context\"><p style=\"line-height: normal; margin: 0px; padding: 0px;\"><strong>Perfil de Usuario<\/strong><\/p><p style=\"line-height: normal; font-size: x-small;\">Se le da acceso al Usuario que pueda modificar sus datos de Perfil para env\u00edos de correo<\/p><\/div>\n<\/div>\n\t\t\t\t<\/div>\n\t\t\t<div  class=\"ms-slide\" data-delay=\"3\" data-fill-mode=\"fill\"   >\n\t\t\t\t\t<img decoding=\"async\" src=\"https:\/\/cwinsystems.com\/inicio\/wp-content\/plugins\/masterslider\/public\/assets\/css\/blank.gif\" alt=\"\" title=\"PantallaPrincipal\" data-src=\"https:\/\/cwinsystems.com\/inicio\/wp-content\/uploads\/2019\/06\/PantallaPrincipal.png\" \/>\n\n\n\t<div class=\"ms-thumb\" ><div class=\"ms-tab-context\"><p style=\"line-height: normal; margin: 0px; padding: 0px;\"><strong>Dashboard<\/strong><\/p><p style=\"line-height: normal; font-size: x-small;\">Pantalla informativa de inicio, para conocer las estad\u00edsticas b\u00e1sicas del Empleado.<\/p><\/div>\n<\/div>\n\t\t\t\t<\/div>\n\t\t\t<div  class=\"ms-slide\" data-delay=\"3\" data-fill-mode=\"fill\"   >\n\t\t\t\t\t<img decoding=\"async\" src=\"https:\/\/cwinsystems.com\/inicio\/wp-content\/plugins\/masterslider\/public\/assets\/css\/blank.gif\" alt=\"\" title=\"CatalogoProductos_Buscar\" data-src=\"https:\/\/cwinsystems.com\/inicio\/wp-content\/uploads\/2019\/06\/CatalogoProductos_Buscar.png\" \/>\n\n\n\t<div class=\"ms-thumb\" ><div class=\"ms-tab-context\"><p style=\"line-height: normal; margin: 0px; padding: 0px;\"><strong>Cat\u00e1logo de Art\u00edculos<\/strong><\/p><p style=\"line-height: normal; font-size: x-small;\">Nuestro listado de Bootstrap con funciones muy novedosas, podr\u00e1 Buscar Productos, mostrar y ocultar columnas, y mucho mas.<\/p><\/div>\n<\/div>\n\t\t\t\t<\/div>\n\t\t\t<div  class=\"ms-slide\" data-delay=\"3\" data-fill-mode=\"fill\"   >\n\t\t\t\t\t<img decoding=\"async\" src=\"https:\/\/cwinsystems.com\/inicio\/wp-content\/plugins\/masterslider\/public\/assets\/css\/blank.gif\" alt=\"\" title=\"Producto_Expediente\" data-src=\"https:\/\/cwinsystems.com\/inicio\/wp-content\/uploads\/2019\/06\/Producto_Expediente.png\" \/>\n\n\n\t<div class=\"ms-thumb\" ><div class=\"ms-tab-context\"><p style=\"line-height: normal; margin: 0px; padding: 0px;\"><strong>Expediente del Art\u00edculo<\/strong><\/p><p style=\"line-height: normal; font-size: x-small;\">Podr\u00e1 dar de Alta, Modificar o dar de Baja Productos, modificando todo lo esencial del Producto o Servicio tal como lo hace en DisPRO<\/p><\/div>\n<\/div>\n\t\t\t\t<\/div>\n\t\t\t<div  class=\"ms-slide\" data-delay=\"3\" data-fill-mode=\"fill\"   >\n\t\t\t\t\t<img decoding=\"async\" src=\"https:\/\/cwinsystems.com\/inicio\/wp-content\/plugins\/masterslider\/public\/assets\/css\/blank.gif\" alt=\"\" title=\"CatalogoClientes\" data-src=\"https:\/\/cwinsystems.com\/inicio\/wp-content\/uploads\/2019\/06\/CatalogoClientes.png\" \/>\n\n\n\t<div class=\"ms-thumb\" ><div class=\"ms-tab-context\"><p style=\"line-height: normal; margin: 0px; padding: 0px;\"><strong>Cat\u00e1logo de Clientes<\/strong><\/p><p style=\"line-height: normal; font-size: x-small;\">Nuestro listado de Bootstrap con funciones muy novedosas, podr\u00e1 Buscar Clientes, mostrar y ocultar columnas, y mucho mas.<\/p><\/div>\n<\/div>\n\t\t\t\t<\/div>\n\t\t\t<div  class=\"ms-slide\" data-delay=\"3\" data-fill-mode=\"fill\"   >\n\t\t\t\t\t<img decoding=\"async\" src=\"https:\/\/cwinsystems.com\/inicio\/wp-content\/plugins\/masterslider\/public\/assets\/css\/blank.gif\" alt=\"\" title=\"Cliente_EdoCta\" data-src=\"https:\/\/cwinsystems.com\/inicio\/wp-content\/uploads\/2019\/06\/Cliente_EdoCta.png\" \/>\n\n\n\t<div class=\"ms-thumb\" ><div class=\"ms-tab-context\"><p style=\"line-height: normal; margin: 0px; padding: 0px;\"><strong>Estado de Cuenta<\/strong><\/p><p style=\"line-height: normal; font-size: x-small;\">Consulte el Estado de Cuenta en tiempo Real y obtenga los reportes de Antig\u00fcedad de Saldos y Facturas en Deuda para ser enviado al Cliente<\/p><\/div>\n<\/div>\n\t\t\t\t<\/div>\n\t\t\t<div  class=\"ms-slide\" data-delay=\"3\" data-fill-mode=\"fill\"   >\n\t\t\t\t\t<img decoding=\"async\" src=\"https:\/\/cwinsystems.com\/inicio\/wp-content\/plugins\/masterslider\/public\/assets\/css\/blank.gif\" alt=\"\" title=\"Cliente_Deuda\" data-src=\"https:\/\/cwinsystems.com\/inicio\/wp-content\/uploads\/2019\/06\/Cliente_Deuda.png\" \/>\n\n\n\t<div class=\"ms-thumb\" ><div class=\"ms-tab-context\"><p style=\"line-height: normal; margin: 0px; padding: 0px;\"><strong>Facturas en Deuda<\/strong><\/p><p style=\"line-height: normal; font-size: x-small;\">Consulte las facturas que est\u00e1n pendientes de pago en tiempo real, y liquide con un solo clic<\/p><\/div>\n<\/div>\n\t\t\t\t<\/div>\n\t\t\t<div  class=\"ms-slide\" data-delay=\"3\" data-fill-mode=\"fill\"   >\n\t\t\t\t\t<img decoding=\"async\" src=\"https:\/\/cwinsystems.com\/inicio\/wp-content\/plugins\/masterslider\/public\/assets\/css\/blank.gif\" alt=\"\" title=\"Cliente_REP\" data-src=\"https:\/\/cwinsystems.com\/inicio\/wp-content\/uploads\/2019\/06\/Cliente_REP.png\" \/>\n\n\n\t<div class=\"ms-thumb\" ><div class=\"ms-tab-context\"><p style=\"line-height: normal; margin: 0px; padding: 0px;\"><strong>Recibo Electr\u00f3nico de Pago<\/strong><\/p><p style=\"line-height: normal; font-size: x-small;\">Defina la forma de pago del Cliente de forma muy sencilla y genere el REP y se enviar\u00e1 autom\u00e1ticamente al cliente<\/p><\/div>\n<\/div>\n\t\t\t\t<\/div>\n\t\t\t<div  class=\"ms-slide\" data-delay=\"3\" data-fill-mode=\"fill\"   >\n\t\t\t\t\t<img decoding=\"async\" src=\"https:\/\/cwinsystems.com\/inicio\/wp-content\/plugins\/masterslider\/public\/assets\/css\/blank.gif\" alt=\"\" title=\"CatalogoVentas\" data-src=\"https:\/\/cwinsystems.com\/inicio\/wp-content\/uploads\/2019\/06\/CatalogoVentas.png\" \/>\n\n\n\t<div class=\"ms-thumb\" ><div class=\"ms-tab-context\"><p style=\"line-height: normal; margin: 0px; padding: 0px;\"><strong>Lista de Ventas y Salidas<\/strong><\/p><p style=\"line-height: normal; font-size: x-small;\">Consulte las ventas realizadas en el momento por todos los usuarios (o sus ventas solamente si esta restringido), o bien de un periodo determinado<\/p><\/div>\n<\/div>\n\t\t\t\t<\/div>\n\t\t\t<div  class=\"ms-slide\" data-delay=\"3\" data-fill-mode=\"fill\"   >\n\t\t\t\t\t<img decoding=\"async\" src=\"https:\/\/cwinsystems.com\/inicio\/wp-content\/plugins\/masterslider\/public\/assets\/css\/blank.gif\" alt=\"\" title=\"Factura_Captura\" data-src=\"https:\/\/cwinsystems.com\/inicio\/wp-content\/uploads\/2019\/06\/Factura_Captura.png\" \/>\n\n\n\t<div class=\"ms-thumb\" ><div class=\"ms-tab-context\"><p style=\"line-height: normal; margin: 0px; padding: 0px;\"><strong>Generaci\u00f3n de Factura<\/strong><\/p><p style=\"line-height: normal; font-size: x-small;\">Consulte y genere Facturas de forma muy sencilla, agende Ventas, genere cotizaciones, haga modificaciones al gusto y mucho mas.<\/p><\/div>\n<\/div>\n\t\t\t\t<\/div>\n\t\t\t<div  class=\"ms-slide\" data-delay=\"3\" data-fill-mode=\"fill\"   >\n\t\t\t\t\t<img decoding=\"async\" src=\"https:\/\/cwinsystems.com\/inicio\/wp-content\/plugins\/masterslider\/public\/assets\/css\/blank.gif\" alt=\"\" title=\"Factura_Preview\" data-src=\"https:\/\/cwinsystems.com\/inicio\/wp-content\/uploads\/2019\/06\/Factura_Preview.png\" \/>\n\n\n\t<div class=\"ms-thumb\" ><div class=\"ms-tab-context\"><p style=\"line-height: normal; margin: 0px; padding: 0px;\"><strong>Preliminar de Factura<\/strong><\/p><p style=\"line-height: normal; font-size: x-small;\">Visualice el PDF a imprimir de sus documentos<\/p><\/div>\n<\/div>\n\t\t\t\t<\/div>\n\t\t\t<div  class=\"ms-slide\" data-delay=\"3\" data-fill-mode=\"fill\"   >\n\t\t\t\t\t<img decoding=\"async\" src=\"https:\/\/cwinsystems.com\/inicio\/wp-content\/plugins\/masterslider\/public\/assets\/css\/blank.gif\" alt=\"\" title=\"Factura_Email\" data-src=\"https:\/\/cwinsystems.com\/inicio\/wp-content\/uploads\/2019\/06\/Factura_Email.png\" \/>\n\n\n\t<div class=\"ms-thumb\" ><div class=\"ms-tab-context\"><p style=\"line-height: normal; margin: 0px; padding: 0px;\"><strong>Enviar Correo<\/strong><\/p><p style=\"line-height: normal; font-size: x-small;\">Con su propio editor simple env\u00ede los correos electr\u00f3nicos a sus clientes<\/p><\/div>\n<\/div>\n\t\t\t\t<\/div>\n\t\t\t<div  class=\"ms-slide\" data-delay=\"3\" data-fill-mode=\"fill\"   >\n\t\t\t\t\t<img decoding=\"async\" src=\"https:\/\/cwinsystems.com\/inicio\/wp-content\/plugins\/masterslider\/public\/assets\/css\/blank.gif\" alt=\"\" title=\"PVT_Captura\" data-src=\"https:\/\/cwinsystems.com\/inicio\/wp-content\/uploads\/2019\/06\/PVT_Captura.png\" \/>\n\n\n\t<div class=\"ms-thumb\" ><div class=\"ms-tab-context\"><p style=\"line-height: normal; margin: 0px; padding: 0px;\"><strong>Punto de Venta<\/strong><\/p><p style=\"line-height: normal; font-size: x-small;\">De una forma muy moderna, con el Uso de Fotos se pueden realizar ventas al publico general, o bien generar una Factura de forma muy sencilla.<\/p><\/div>\n<\/div>\n\t\t\t\t<\/div>\n\t\t\t<div  class=\"ms-slide\" data-delay=\"3\" data-fill-mode=\"fill\"   >\n\t\t\t\t\t<img decoding=\"async\" src=\"https:\/\/cwinsystems.com\/inicio\/wp-content\/plugins\/masterslider\/public\/assets\/css\/blank.gif\" alt=\"\" title=\"PVT_Cobro\" data-src=\"https:\/\/cwinsystems.com\/inicio\/wp-content\/uploads\/2021\/03\/PVT_Cobro.png\" \/>\n\n\n\t<div class=\"ms-thumb\" ><div class=\"ms-tab-context\"><p style=\"line-height: normal; margin: 0px; padding: 0px;\"><strong>Cobro<\/strong><\/p><p style=\"line-height: normal; font-size: x-small;\">Se puede generar el Cobro usando m\u00faltiples Formas de Pago<\/p><\/div>\n<\/div>\n\t\t\t\t<\/div>\n\t\t\t<div  class=\"ms-slide\" data-delay=\"3\" data-fill-mode=\"fill\"   >\n\t\t\t\t\t<img decoding=\"async\" src=\"https:\/\/cwinsystems.com\/inicio\/wp-content\/plugins\/masterslider\/public\/assets\/css\/blank.gif\" alt=\"\" title=\"Corte_X\" data-src=\"https:\/\/cwinsystems.com\/inicio\/wp-content\/uploads\/2021\/03\/Corte_X.png\" \/>\n\n\n\t<div class=\"ms-thumb\" ><div class=\"ms-tab-context\"><p style=\"line-height: normal; margin: 0px; padding: 0px;\"><strong>Corte X<\/strong><\/p><p style=\"line-height: normal; font-size: x-small;\">Ahora el usuario podr\u00e1 generar su Corte X al momento, y de igual forma los supervisores pueden consultar turnos de cualquier d\u00eda<\/p><\/div>\n<\/div>\n\t\t\t\t<\/div>\n\t\t\t<div  class=\"ms-slide\" data-delay=\"3\" data-fill-mode=\"fill\"   >\n\t\t\t\t\t<img decoding=\"async\" src=\"https:\/\/cwinsystems.com\/inicio\/wp-content\/plugins\/masterslider\/public\/assets\/css\/blank.gif\" alt=\"\" title=\"Acumulados\" data-src=\"https:\/\/cwinsystems.com\/inicio\/wp-content\/uploads\/2021\/03\/Acumulados.png\" \/>\n\n\n\t<div class=\"ms-thumb\" ><div class=\"ms-tab-context\"><p style=\"line-height: normal; margin: 0px; padding: 0px;\"><strong>Acumulados<\/strong><\/p><p style=\"line-height: normal; font-size: x-small;\">De forma muy dinamia se pueden obtener acumulados de Ventas y Compras<\/p><\/div>\n<\/div>\n\t\t\t\t<\/div>\n\t\t\t<div  class=\"ms-slide\" data-delay=\"3\" data-fill-mode=\"fill\"   >\n\t\t\t\t\t<img decoding=\"async\" src=\"https:\/\/cwinsystems.com\/inicio\/wp-content\/plugins\/masterslider\/public\/assets\/css\/blank.gif\" alt=\"\" title=\"Producto_Estadistica\" data-src=\"https:\/\/cwinsystems.com\/inicio\/wp-content\/uploads\/2021\/03\/Producto_Estadistica.png\" \/>\n\n\n\t<div class=\"ms-thumb\" ><div class=\"ms-tab-context\"><p style=\"line-height: normal; margin: 0px; padding: 0px;\"><strong>Estad\u00edsticas de Productos<\/strong><\/p><p style=\"line-height: normal; font-size: x-small;\">Gr\u00e1ficas y Estad\u00edsticas de la informaci\u00f3n mas relevante del comportamiento de sus productos, tambi\u00e9n podr\u00e1 obtener de Clientes y Proveedores<\/p><\/div>\n<\/div>\n\t\t\t\t<\/div>\n\n\t\t\t<\/div>\n\t\t\t<!-- END MasterSlider Main -->\n\n\t\t\t \n\t\t<\/div>\n\t\t<!-- END MasterSlider -->\n\n\t\t<script>\n\t\t( window.MSReady = window.MSReady || [] ).push( function( $ ) {\n\n\t\t\t\"use strict\";\n\t\t\tvar masterslider_8bf9 = new MasterSlider();\n\n\t\t\t\/\/ slider controls\n\t\t\tmasterslider_8bf9.control('arrows'     ,{ autohide:true, overVideo:true  });\n\t\t\tmasterslider_8bf9.control('thumblist'  ,{ autohide:false, overVideo:true, dir:'h', speed:17, inset:false, arrows:false, hover:false, customClass:'', align:'bottom',type:'tabs', margin:-12, width:240, height:120, space:0, fillMode:'fill' , hideUnder:400 });\n\t\t\tmasterslider_8bf9.control('circletimer',{ autohide:false, overVideo:true, color:'#FFFFFF', radius:4, stroke:9   });\n\t\t\t\/\/ slider setup\n\t\t\tmasterslider_8bf9.setup(\"MS69f4c94858bf9\", {\n\t\t\t\twidth           : 1276,\n\t\t\t\theight          : 788,\n\t\t\t\tminHeight       : 0,\n\t\t\t\tspace           : 0,\n\t\t\t\tstart           : 1,\n\t\t\t\tgrabCursor      : true,\n\t\t\t\tswipe           : true,\n\t\t\t\tmouse           : true,\n\t\t\t\tkeyboard        : false,\n\t\t\t\tlayout          : \"boxed\",\n\t\t\t\twheel           : false,\n\t\t\t\tautoplay        : true,\n                instantStartLayers:false,\n\t\t\t\tmobileBGVideo:false,\n\t\t\t\tloop            : true,\n\t\t\t\tshuffle         : false,\n\t\t\t\tpreload         : 0,\n\t\t\t\theightLimit     : true,\n\t\t\t\tautoHeight      : false,\n\t\t\t\tsmoothHeight    : true,\n\t\t\t\tendPause        : false,\n\t\t\t\toverPause       : true,\n\t\t\t\tfillMode        : \"fill\",\n\t\t\t\tcenterControls  : true,\n\t\t\t\tstartOnAppear   : false,\n\t\t\t\tlayersMode      : \"center\",\n\t\t\t\tautofillTarget  : \"\",\n\t\t\t\thideLayers      : false,\n\t\t\t\tfullscreenMargin: 0,\n\t\t\t\tspeed           : 20,\n\t\t\t\tdir             : \"h\",\n\t\t\t\tresponsive      : true,\n\t\t\t\ttabletWidth     : 768,\n\t\t\t\ttabletHeight    : null,\n\t\t\t\tphoneWidth      : 480,\n\t\t\t\tphoneHeight    : null,\n\t\t\t\tsizingReference : window,\n\t\t\t\tparallaxMode    : 'swipe',\n\t\t\t\tview            : \"basic\"\n\t\t\t});\n\n\t\t\t\n\t\t\twindow.masterslider_instances = window.masterslider_instances || [];\n\t\t\twindow.masterslider_instances.push( masterslider_8bf9 );\n\t\t});\n\t\t<\/script>\n\n\n<div class=\"spacer\"><\/div><!-- .spacer (end) -->\n<p style=\"text-align: center;\">Para mayor informaci\u00f3n vea las Ediciones disponibles, <a href=\"https:\/\/cwinsystems.com\/inicio\/dispro\/dispro-ediciones\/\">Clic Aqu\u00ed<\/a><\/p>\n","protected":false},"excerpt":{"rendered":"<p>DisPRO &gt; DisPRO Cloud Disponible en Edici\u00f3n UCloud Tour por DisPRO Cloud Para mayor informaci\u00f3n vea las Ediciones disponibles, Clic Aqu\u00ed<\/p>\n","protected":false},"author":1,"featured_media":2945,"parent":2088,"menu_order":0,"comment_status":"closed","ping_status":"closed","template":"page-home.php","meta":{"footnotes":""},"class_list":["post-2953","page","type-page","status-publish","has-post-thumbnail","hentry"],"_links":{"self":[{"href":"https:\/\/cwinsystems.com\/inicio\/wp-json\/wp\/v2\/pages\/2953","targetHints":{"allow":["GET"]}}],"collection":[{"href":"https:\/\/cwinsystems.com\/inicio\/wp-json\/wp\/v2\/pages"}],"about":[{"href":"https:\/\/cwinsystems.com\/inicio\/wp-json\/wp\/v2\/types\/page"}],"author":[{"embeddable":true,"href":"https:\/\/cwinsystems.com\/inicio\/wp-json\/wp\/v2\/users\/1"}],"replies":[{"embeddable":true,"href":"https:\/\/cwinsystems.com\/inicio\/wp-json\/wp\/v2\/comments?post=2953"}],"version-history":[{"count":26,"href":"https:\/\/cwinsystems.com\/inicio\/wp-json\/wp\/v2\/pages\/2953\/revisions"}],"predecessor-version":[{"id":4227,"href":"https:\/\/cwinsystems.com\/inicio\/wp-json\/wp\/v2\/pages\/2953\/revisions\/4227"}],"up":[{"embeddable":true,"href":"https:\/\/cwinsystems.com\/inicio\/wp-json\/wp\/v2\/pages\/2088"}],"wp:featuredmedia":[{"embeddable":true,"href":"https:\/\/cwinsystems.com\/inicio\/wp-json\/wp\/v2\/media\/2945"}],"wp:attachment":[{"href":"https:\/\/cwinsystems.com\/inicio\/wp-json\/wp\/v2\/media?parent=2953"}],"curies":[{"name":"wp","href":"https:\/\/api.w.org\/{rel}","templated":true}]}}