{"id":3026,"date":"2019-06-20T19:33:05","date_gmt":"2019-06-21T02:33:05","guid":{"rendered":"http:\/\/cwinsystems.com\/inicio\/?page_id=3026"},"modified":"2019-06-26T21:44:24","modified_gmt":"2019-06-27T04:44:24","slug":"e-almacen-digital","status":"publish","type":"page","link":"https:\/\/cwinsystems.com\/inicio\/dispro\/e-almacen-digital\/","title":{"rendered":"E-Almac\u00e9n Digital"},"content":{"rendered":"<h3 id='dispro->-e-almac\u00e9n-digital'  id=\"boomdevs_1\" style=\"text-align: center;\"><a href=\"https:\/\/cwinsystems.com\/inicio\/dispro\/\">DisPRO<\/a> &gt; E-Almac\u00e9n Digital<\/h3>\n<h6 id='disponible-en-edici\u00f3n-profesional-ultimate-y-ucloud'  id=\"boomdevs_2\" style=\"text-align: center;\">Disponible en Edici\u00f3n Profesional, Ultimate y UCloud<\/h6>\n<div class=\"left-tail\">\n<div class=\"page-bg\">\n<div id=\"main\">\n<div id=\"content\">\n<div class=\"wrapper cols\">\n<div class=\"col-23\">\n<div class=\"col-23base\">\n<p>E-Almac\u00e9n Digital, es un Software de primera necesidad para cualquier Empresa para respaldar de manera segura los XML y PDF de los Comprobantes Fiscales Digitales Recibidos y llevar un control exacto de cada uno de ellos, para de esta forma preparar eficientemente su contabilidad electr\u00f3nica.<\/p>\n<p><strong>INCLUYE:<\/strong><\/p>\n<ul>\n<li>Control de CFDI <strong>Emitidos y Recibidos<\/strong><\/li>\n<li><strong>Descarga<\/strong> Masiva de XML desde el <strong>SAT<\/strong> (Sin ingresar al Portal del SAT)<\/li>\n<li><strong>Verificaci\u00f3n<\/strong> de Estatus de XML en <strong>SAT<\/strong> (individual y masivo)<\/li>\n<li>Descarga Masiva de XML desde uno o mas <strong>Correos<\/strong> <strong>Electr\u00f3nicos<\/strong> con PDF Original<\/li>\n<li><strong>Validaci\u00f3n<\/strong> de Sellos y Timbre (individual y masivo)<\/li>\n<li><strong>B\u00fasqueda<\/strong> por Periodos de XML y contenido<\/li>\n<li><strong>Genere<\/strong> el PDF desde un XML<\/li>\n<li><strong>Exportado<\/strong> Masivo de PDF y XML<\/li>\n<li><strong>Importado<\/strong> Masivo de PDF y XML<\/li>\n<li><strong>Integraci\u00f3n<\/strong> completa con DISPRO\n<ul>\n<li>En Cheques y Transferencias<\/li>\n<li>En Compras<\/li>\n<li>En Servicios<\/li>\n<\/ul>\n<\/li>\n<li><strong>Visor<\/strong> Electr\u00f3nico de XML<\/li>\n<li><b>Auto revisado<\/b>&nbsp;de Correos por tiempo<\/li>\n<li><strong>Env\u00eda<\/strong> <strong>respuesta<\/strong> al Emisor de XML incorrectos de manera autom\u00e1tica<\/li>\n<\/ul>\n<\/div>\n<\/div>\n<\/div>\n<\/div>\n<\/div>\n<\/div>\n<\/div>\n<div class=\"spacer\"><\/div><!-- .spacer (end) -->\n<p style=\"text-align: center;\">\n\t\t<!-- MasterSlider -->\n\t\t<div id=\"P_MS69df14100b382\" class=\"master-slider-parent ms-tabs-template ms-parent-id-16\" style=\"max-width:973px;\"  >\n\n\t\t\t\n\t\t\t<!-- MasterSlider Main -->\n\t\t\t<div id=\"MS69df14100b382\" class=\"master-slider ms-skin-default\" >\n\t\t\t\t \t\t\t\t \n\n\t\t\t<div  class=\"ms-slide\" data-delay=\"3\" data-fill-mode=\"fill\"   >\n\t\t\t\t\t<img decoding=\"async\" src=\"https:\/\/cwinsystems.com\/inicio\/wp-content\/plugins\/masterslider\/public\/assets\/css\/blank.gif\" alt=\"\" title=\"AlmacenDigital_MultiEmpresa\" data-src=\"https:\/\/cwinsystems.com\/inicio\/wp-content\/uploads\/2019\/06\/AlmacenDigital_MultiEmpresa.png\" \/>\n\n\n\t<div class=\"ms-thumb\" ><div class=\"ms-tab-context\"><p style=\"line-height: normal; margin: 0px; padding: 0px;\"><strong>Multi Empresa<\/strong><\/p>\n<p style=\"line-height: normal; font-size: x-small;\">Puede dar de alta multiples RFC&#039;s y a cada uno tener sus propios XML administrados<\/p>\n<\/div>\n<\/div>\n\t\t\t\t<\/div>\n\t\t\t<div  class=\"ms-slide\" data-delay=\"3\" data-fill-mode=\"fill\"   >\n\t\t\t\t\t<img decoding=\"async\" src=\"https:\/\/cwinsystems.com\/inicio\/wp-content\/plugins\/masterslider\/public\/assets\/css\/blank.gif\" alt=\"\" title=\"AlmacenDigital_Main\" data-src=\"https:\/\/cwinsystems.com\/inicio\/wp-content\/uploads\/2019\/06\/AlmacenDigital_Main.png\" \/>\n\n\n\t<div class=\"ms-thumb\" ><div class=\"ms-tab-context\"><p style=\"line-height: normal; margin: 0px; padding: 0px;\"><strong>Consulta por Periodos<\/strong><\/p><p style=\"line-height: normal; font-size: x-small;\">Puede personalizar el listado, buscar XML por contenido, Importar masivamente y muchas cosas mas<\/p><\/div>\n<\/div>\n\t\t\t\t<\/div>\n\t\t\t<div  class=\"ms-slide\" data-delay=\"3\" data-fill-mode=\"fill\"   >\n\t\t\t\t\t<img decoding=\"async\" src=\"https:\/\/cwinsystems.com\/inicio\/wp-content\/plugins\/masterslider\/public\/assets\/css\/blank.gif\" alt=\"\" title=\"AlmacenDigital_DescargaXMLdeEMail\" data-src=\"https:\/\/cwinsystems.com\/inicio\/wp-content\/uploads\/2019\/06\/AlmacenDigital_DescargaXMLdeEMail.png\" \/>\n\n\n\t<div class=\"ms-thumb\" ><div class=\"ms-tab-context\"><p style=\"line-height: normal; margin: 0px; padding: 0px;\"><strong>Correo Electronicos<\/strong><\/p><p style=\"line-height: normal; font-size: x-small;\">Puede configurar multiples correos y programarlos para que se descarguen los XML de forma autom\u00e1tica con todo y su PDF<\/p><\/div>\n<\/div>\n\t\t\t\t<\/div>\n\t\t\t<div  class=\"ms-slide\" data-delay=\"3\" data-fill-mode=\"fill\"   >\n\t\t\t\t\t<img decoding=\"async\" src=\"https:\/\/cwinsystems.com\/inicio\/wp-content\/plugins\/masterslider\/public\/assets\/css\/blank.gif\" alt=\"\" title=\"AlmacenDigital_ValidaStatusCFDIenSAT\" data-src=\"https:\/\/cwinsystems.com\/inicio\/wp-content\/uploads\/2019\/06\/AlmacenDigital_ValidaStatusCFDIenSAT.png\" \/>\n\n\n\t<div class=\"ms-thumb\" ><div class=\"ms-tab-context\"><p style=\"line-height: normal; margin: 0px; padding: 0px;\"><strong>Validar con el SAT<\/strong><\/p><p style=\"line-height: normal; font-size: x-small;\">Se puede validar el Estatus en el SAT de cada XML de forma masiva<\/p><\/div>\n<\/div>\n\t\t\t\t<\/div>\n\t\t\t<div  class=\"ms-slide\" data-delay=\"3\" data-fill-mode=\"fill\"   >\n\t\t\t\t\t<img decoding=\"async\" src=\"https:\/\/cwinsystems.com\/inicio\/wp-content\/plugins\/masterslider\/public\/assets\/css\/blank.gif\" alt=\"\" title=\"AlmacenDigital_ValidadorXML\" data-src=\"https:\/\/cwinsystems.com\/inicio\/wp-content\/uploads\/2019\/06\/AlmacenDigital_ValidadorXML.png\" \/>\n\n\n\t<div class=\"ms-thumb\" ><div class=\"ms-tab-context\"><p style=\"line-height: normal; margin: 0px; padding: 0px;\"><strong>Validador de Sintaxis<\/strong><\/p><p style=\"line-height: normal; font-size: x-small;\">Aunque los XML ya estan validados por el propio SAT, se hace una segunda validaci\u00f3n de sintaxis<\/p><\/div>\n<\/div>\n\t\t\t\t<\/div>\n\t\t\t<div  class=\"ms-slide\" data-delay=\"3\" data-fill-mode=\"fill\"   >\n\t\t\t\t\t<img decoding=\"async\" src=\"https:\/\/cwinsystems.com\/inicio\/wp-content\/plugins\/masterslider\/public\/assets\/css\/blank.gif\" alt=\"\" title=\"AlmacenDigital_VisorXML\" data-src=\"https:\/\/cwinsystems.com\/inicio\/wp-content\/uploads\/2019\/06\/AlmacenDigital_VisorXML.png\" \/>\n\n\n\t<div class=\"ms-thumb\" ><div class=\"ms-tab-context\"><p style=\"line-height: normal; margin: 0px; padding: 0px;\"><strong>Visor XML<\/strong><\/p>\n<p style=\"line-height: normal; font-size: x-small;\">De cualquier XML se puede visualizar la informaci\u00f3n en Formulario de forma comprensible<\/p>\n<\/div>\n<\/div>\n\t\t\t\t<\/div>\n\t\t\t<div  class=\"ms-slide\" data-delay=\"3\" data-fill-mode=\"fill\"   >\n\t\t\t\t\t<img decoding=\"async\" src=\"https:\/\/cwinsystems.com\/inicio\/wp-content\/plugins\/masterslider\/public\/assets\/css\/blank.gif\" alt=\"\" title=\"AlmacenDigital_ImpresionXML\" data-src=\"https:\/\/cwinsystems.com\/inicio\/wp-content\/uploads\/2019\/06\/AlmacenDigital_ImpresionXML.png\" \/>\n\n\n\t<div class=\"ms-thumb\" ><div class=\"ms-tab-context\"><p style=\"line-height: normal; margin: 0px; padding: 0px;\"><strong>Impresi\u00f3n y PDF<\/strong><\/p>\n<p style=\"line-height: normal; font-size: x-small;\">Se puede generar un PDF o bien la impresi\u00f3n de cualquiere XML<\/p>\n\n<\/div>\n<\/div>\n\t\t\t\t<\/div>\n\t\t\t<div  class=\"ms-slide\" data-delay=\"3\" data-fill-mode=\"fill\"   >\n\t\t\t\t\t<img decoding=\"async\" src=\"https:\/\/cwinsystems.com\/inicio\/wp-content\/plugins\/masterslider\/public\/assets\/css\/blank.gif\" alt=\"\" title=\"AlmacenDigital_DEscargaXMLdeSAT\" data-src=\"https:\/\/cwinsystems.com\/inicio\/wp-content\/uploads\/2019\/06\/AlmacenDigital_DEscargaXMLdeSAT.png\" \/>\n\n\n\t<div class=\"ms-thumb\" ><div class=\"ms-tab-context\"><p style=\"line-height: normal; margin: 0px; padding: 0px;\"><strong>Descarga XML del SAT<\/strong><\/p><p style=\"line-height: normal; font-size: x-small;\">Con nuestro novedoso modulo, puede descargar masiva mente del SAT e importarlos al sistema, por d\u00edas o mensual<\/p><\/div>\n<\/div>\n\t\t\t\t<\/div>\n\n\t\t\t<\/div>\n\t\t\t<!-- END MasterSlider Main -->\n\n\t\t\t \n\t\t<\/div>\n\t\t<!-- END MasterSlider -->\n\n\t\t<script>\n\t\t( window.MSReady = window.MSReady || [] ).push( function( $ ) {\n\n\t\t\t\"use strict\";\n\t\t\tvar masterslider_b382 = new MasterSlider();\n\n\t\t\t\/\/ slider controls\n\t\t\tmasterslider_b382.control('arrows'     ,{ autohide:true, overVideo:true  });\n\t\t\tmasterslider_b382.control('thumblist'  ,{ autohide:false, overVideo:true, dir:'h', speed:17, inset:false, arrows:false, hover:false, customClass:'', align:'bottom',type:'tabs', margin:-12, width:240, height:120, space:0, fillMode:'fill' , hideUnder:400 });\n\t\t\tmasterslider_b382.control('circletimer',{ autohide:false, overVideo:true, color:'#FFFFFF', radius:4, stroke:9   });\n\t\t\t\/\/ slider setup\n\t\t\tmasterslider_b382.setup(\"MS69df14100b382\", {\n\t\t\t\twidth           : 973,\n\t\t\t\theight          : 634,\n\t\t\t\tminHeight       : 0,\n\t\t\t\tspace           : 0,\n\t\t\t\tstart           : 1,\n\t\t\t\tgrabCursor      : true,\n\t\t\t\tswipe           : true,\n\t\t\t\tmouse           : true,\n\t\t\t\tkeyboard        : false,\n\t\t\t\tlayout          : \"boxed\",\n\t\t\t\twheel           : false,\n\t\t\t\tautoplay        : true,\n                instantStartLayers:false,\n\t\t\t\tmobileBGVideo:false,\n\t\t\t\tloop            : true,\n\t\t\t\tshuffle         : false,\n\t\t\t\tpreload         : 0,\n\t\t\t\theightLimit     : true,\n\t\t\t\tautoHeight      : false,\n\t\t\t\tsmoothHeight    : true,\n\t\t\t\tendPause        : false,\n\t\t\t\toverPause       : true,\n\t\t\t\tfillMode        : \"fill\",\n\t\t\t\tcenterControls  : true,\n\t\t\t\tstartOnAppear   : false,\n\t\t\t\tlayersMode      : \"center\",\n\t\t\t\tautofillTarget  : \"\",\n\t\t\t\thideLayers      : false,\n\t\t\t\tfullscreenMargin: 0,\n\t\t\t\tspeed           : 20,\n\t\t\t\tdir             : \"h\",\n\t\t\t\tresponsive      : true,\n\t\t\t\ttabletWidth     : 768,\n\t\t\t\ttabletHeight    : null,\n\t\t\t\tphoneWidth      : 480,\n\t\t\t\tphoneHeight    : null,\n\t\t\t\tsizingReference : window,\n\t\t\t\tparallaxMode    : 'swipe',\n\t\t\t\tview            : \"basic\"\n\t\t\t});\n\n\t\t\t\n\t\t\twindow.masterslider_instances = window.masterslider_instances || [];\n\t\t\twindow.masterslider_instances.push( masterslider_b382 );\n\t\t});\n\t\t<\/script>\n\n\n<div class=\"spacer\"><\/div><!-- .spacer (end) -->\n<p style=\"text-align: center;\">Para mayor informaci\u00f3n vea las Ediciones disponibles, <a href=\"https:\/\/cwinsystems.com\/inicio\/dispro\/dispro-ediciones\/\">Clic Aqu\u00ed<\/a><\/p>\n\n\n<p><\/p>\n","protected":false},"excerpt":{"rendered":"<p>DisPRO &gt; E-Almac\u00e9n Digital Disponible en Edici\u00f3n Profesional, Ultimate y UCloud E-Almac\u00e9n Digital, es un Software de primera necesidad para cualquier Empresa para respaldar de manera segura los XML y PDF de los Comprobantes Fiscales Digitales Recibidos y llevar un control exacto de cada uno de ellos, para de esta forma preparar eficientemente su contabilidad electr\u00f3nica. INCLUYE: Control de CFDI&nbsp;<a href=\"https:\/\/cwinsystems.com\/inicio\/dispro\/e-almacen-digital\/\" class=\"read-more\">Continue Reading<\/a><\/p>\n","protected":false},"author":1,"featured_media":3035,"parent":2088,"menu_order":0,"comment_status":"closed","ping_status":"closed","template":"page-home.php","meta":{"footnotes":""},"class_list":["post-3026","page","type-page","status-publish","has-post-thumbnail","hentry"],"_links":{"self":[{"href":"https:\/\/cwinsystems.com\/inicio\/wp-json\/wp\/v2\/pages\/3026","targetHints":{"allow":["GET"]}}],"collection":[{"href":"https:\/\/cwinsystems.com\/inicio\/wp-json\/wp\/v2\/pages"}],"about":[{"href":"https:\/\/cwinsystems.com\/inicio\/wp-json\/wp\/v2\/types\/page"}],"author":[{"embeddable":true,"href":"https:\/\/cwinsystems.com\/inicio\/wp-json\/wp\/v2\/users\/1"}],"replies":[{"embeddable":true,"href":"https:\/\/cwinsystems.com\/inicio\/wp-json\/wp\/v2\/comments?post=3026"}],"version-history":[{"count":6,"href":"https:\/\/cwinsystems.com\/inicio\/wp-json\/wp\/v2\/pages\/3026\/revisions"}],"predecessor-version":[{"id":3184,"href":"https:\/\/cwinsystems.com\/inicio\/wp-json\/wp\/v2\/pages\/3026\/revisions\/3184"}],"up":[{"embeddable":true,"href":"https:\/\/cwinsystems.com\/inicio\/wp-json\/wp\/v2\/pages\/2088"}],"wp:featuredmedia":[{"embeddable":true,"href":"https:\/\/cwinsystems.com\/inicio\/wp-json\/wp\/v2\/media\/3035"}],"wp:attachment":[{"href":"https:\/\/cwinsystems.com\/inicio\/wp-json\/wp\/v2\/media?parent=3026"}],"curies":[{"name":"wp","href":"https:\/\/api.w.org\/{rel}","templated":true}]}}