{"id":3077,"date":"2019-06-21T12:45:26","date_gmt":"2019-06-21T19:45:26","guid":{"rendered":"http:\/\/cwinsystems.com\/inicio\/?page_id=3077"},"modified":"2019-06-26T21:39:14","modified_gmt":"2019-06-27T04:39:14","slug":"agente-en-linea","status":"publish","type":"page","link":"https:\/\/cwinsystems.com\/inicio\/dispro\/agente-en-linea\/","title":{"rendered":"Agente En L\u00ednea"},"content":{"rendered":"<h3 id='dispro->-agente-en-l\u00ednea'  id=\"boomdevs_1\" style=\"text-align: center;\"><a href=\"https:\/\/cwinsystems.com\/inicio\/dispro\/\">DisPRO<\/a> &gt; Agente En L\u00ednea<\/h3>\n<h6 id='disponible-en-edici\u00f3n-ucloud'  id=\"boomdevs_2\" style=\"text-align: center;\">Disponible en Edici\u00f3n UCloud<\/h6>\n<div class=\"row \"><div class=\"span6 \"><h6 id='descripci\u00f3n'  id=\"boomdevs_3\">Descripci\u00f3n<\/h6>\n<p>Agente En L\u00ednea, es un producto <strong>100% Web<\/strong>, que se encuentra conectado directamente a una base de datos DisPRO, pero en una modalidad para que sus Empleados, los <strong>Agentes de Ventas<\/strong> , puedan acceder en tiempo real a la informaci\u00f3n de los Clientes que tienen Asignados respectivamente.<\/p>\n<p>Esta hecho como una <strong>AppWeb<\/strong> Responsiva (se adapta autom\u00e1ticamente al dispositivo usado), es decir, puede ser ejecutada en Celulares, Tabletas, Computadoras (PC o MAC), o cualquier dispositivo que cuente con un Navegador de Internet.<\/p>\n<p>No existen paginas creadas de la AppWeb, se van generando conforme el usuario va navegando en la App, haciendo muy seguro en contra de hackers.<\/p>\n<h6 id='caracter\u00edsticas-de-la-appweb'  id=\"boomdevs_4\">Caracter\u00edsticas de la AppWeb<\/h6>\n<ul>\n<li>Consultar y acceder a la informaci\u00f3n de sus clientes asignados<\/li>\n<li>Ubicar por GPS la ubicaci\u00f3n del Cliente<\/li>\n<li>Consultar Facturaci\u00f3n por Mes de sus clientes<\/li>\n<li>Consultar su Estado de Cuenta de sus clientes\n<ul>\n<li>Descargar Facturas en PDF y XML<\/li>\n<li>Descargar Estado de Cuenta en PDF<\/li>\n<li>Descargar Facturas en Deuda en PDF<\/li>\n<\/ul>\n<\/li>\n<li>Pedidos En L\u00ednea de sus clientes\n<ul>\n<li>Crear Pedidos, buscando en el cat\u00e1logo de productos con su precio definido<\/li>\n<li>Generar cotizaciones a sus clientes<\/li>\n<li>Consultar Estatus de sus pedidos<\/li>\n<li>Consultar Historial de Pedidos<\/li>\n<\/ul>\n<\/li>\n<li>Manejo de Skins por CSS configurables<\/li>\n<\/ul><\/div>\n<div class=\"span6 \"><h6 id='appweb-responsiva'  id=\"boomdevs_5\" style=\"text-align: center;\">AppWeb Responsiva<\/h6>\n<p style=\"text-align: center;\">\n\t\t<!-- MasterSlider -->\n\t\t<div id=\"P_MS6a06ea0b5b8b9\" class=\"master-slider-parent ms-phone-template ms-parent-id-20\" style=\"max-width:490px;\"  >\n\n\t\t\t<div class=\"ms-phone-cont\"><img decoding=\"async\" src=\"https:\/\/cwinsystems.com\/inicio\/wp-content\/plugins\/masterslider\/public\/assets\/css\/templates\/phone.png\" class=\"ms-phone-bg\" \/><div class=\"ms-lt-slider-cont\">\n\t\t\t<!-- MasterSlider Main -->\n\t\t\t<div id=\"MS6a06ea0b5b8b9\" class=\"master-slider ms-skin-default\" >\n\t\t\t\t \t\t\t\t \n\n\t\t\t<div  class=\"ms-slide\" data-delay=\"3\" data-fill-mode=\"fill\"   >\n\t\t\t\t\t<img decoding=\"async\" src=\"https:\/\/cwinsystems.com\/inicio\/wp-content\/plugins\/masterslider\/public\/assets\/css\/blank.gif\" alt=\"\" title=\"Movil_Inicio-2\" data-src=\"https:\/\/cwinsystems.com\/inicio\/wp-content\/uploads\/2019\/06\/Movil_Inicio-2.png\" \/>\n\n\n\t\t\t\t<\/div>\n\t\t\t<div  class=\"ms-slide\" data-delay=\"3\" data-fill-mode=\"fill\"   >\n\t\t\t\t\t<img decoding=\"async\" src=\"https:\/\/cwinsystems.com\/inicio\/wp-content\/plugins\/masterslider\/public\/assets\/css\/blank.gif\" alt=\"\" title=\"Movil_Dashboard-1\" data-src=\"https:\/\/cwinsystems.com\/inicio\/wp-content\/uploads\/2019\/06\/Movil_Dashboard-1.png\" \/>\n\n\n\t\t\t\t<\/div>\n\t\t\t<div  class=\"ms-slide\" data-delay=\"3\" data-fill-mode=\"fill\"   >\n\t\t\t\t\t<img decoding=\"async\" src=\"https:\/\/cwinsystems.com\/inicio\/wp-content\/plugins\/masterslider\/public\/assets\/css\/blank.gif\" alt=\"\" title=\"Movil_Clientes\" data-src=\"https:\/\/cwinsystems.com\/inicio\/wp-content\/uploads\/2019\/06\/Movil_Clientes.png\" \/>\n\n\n\t\t\t\t<\/div>\n\n\t\t\t<\/div>\n\t\t\t<!-- END MasterSlider Main -->\n\n\t\t\t <\/div><\/div>\n\t\t<\/div>\n\t\t<!-- END MasterSlider -->\n\n\t\t<script>\n\t\t( window.MSReady = window.MSReady || [] ).push( function( $ ) {\n\n\t\t\t\"use strict\";\n\t\t\tvar masterslider_b8b9 = new MasterSlider();\n\n\t\t\t\/\/ slider controls\n\t\t\tmasterslider_b8b9.control('arrows'     ,{ autohide:true, overVideo:true  });\n\t\t\tmasterslider_b8b9.control('bullets'    ,{ autohide:true, overVideo:true, dir:'h', align:'bottom', space:6 , margin:10  });\n\t\t\tmasterslider_b8b9.control('circletimer',{ autohide:false, overVideo:true, color:'#FFFFFF', radius:4, stroke:9   });\n\t\t\t\/\/ slider setup\n\t\t\tmasterslider_b8b9.setup(\"MS6a06ea0b5b8b9\", {\n\t\t\t\twidth           : 490,\n\t\t\t\theight          : 878,\n\t\t\t\tminHeight       : 0,\n\t\t\t\tspace           : 2,\n\t\t\t\tstart           : 1,\n\t\t\t\tgrabCursor      : true,\n\t\t\t\tswipe           : true,\n\t\t\t\tmouse           : true,\n\t\t\t\tkeyboard        : false,\n\t\t\t\tlayout          : \"boxed\",\n\t\t\t\twheel           : false,\n\t\t\t\tautoplay        : true,\n                instantStartLayers:false,\n\t\t\t\tmobileBGVideo:false,\n\t\t\t\tloop            : true,\n\t\t\t\tshuffle         : false,\n\t\t\t\tpreload         : 0,\n\t\t\t\theightLimit     : true,\n\t\t\t\tautoHeight      : false,\n\t\t\t\tsmoothHeight    : true,\n\t\t\t\tendPause        : false,\n\t\t\t\toverPause       : true,\n\t\t\t\tfillMode        : \"fill\",\n\t\t\t\tcenterControls  : true,\n\t\t\t\tstartOnAppear   : false,\n\t\t\t\tlayersMode      : \"center\",\n\t\t\t\tautofillTarget  : \"\",\n\t\t\t\thideLayers      : false,\n\t\t\t\tfullscreenMargin: 0,\n\t\t\t\tspeed           : 20,\n\t\t\t\tdir             : \"h\",\n\t\t\t\tresponsive      : true,\n\t\t\t\ttabletWidth     : 768,\n\t\t\t\ttabletHeight    : null,\n\t\t\t\tphoneWidth      : 480,\n\t\t\t\tphoneHeight    : null,\n\t\t\t\tsizingReference : window,\n\t\t\t\tparallaxMode    : 'swipe',\n\t\t\t\tview            : \"fadeWave\"\n\t\t\t});\n\n\t\t\t\n\t\t\twindow.masterslider_instances = window.masterslider_instances || [];\n\t\t\twindow.masterslider_instances.push( masterslider_b8b9 );\n\t\t});\n\t\t<\/script>\n\n<\/div><\/div><!-- .row (end) -->\n<div class=\"spacer\"><\/div><!-- .spacer (end) -->\n<h3 id='tour-por-agente-en-l\u00ednea'  id=\"boomdevs_6\" style=\"text-align: center;\">Tour por Agente En L\u00ednea<\/h3>\n<div class=\"spacer\"><\/div><!-- .spacer (end) -->\n<p style=\"text-align: center;\">\n\t\t<!-- MasterSlider -->\n\t\t<div id=\"P_MS6a06ea0b5fb21\" class=\"master-slider-parent ms-tabs-template ms-parent-id-19\" style=\"max-width:1276px;\"  >\n\n\t\t\t\n\t\t\t<!-- MasterSlider Main -->\n\t\t\t<div id=\"MS6a06ea0b5fb21\" class=\"master-slider ms-skin-default\" >\n\t\t\t\t \t\t\t\t \n\n\t\t\t<div  class=\"ms-slide\" data-delay=\"3\" data-fill-mode=\"fill\"   >\n\t\t\t\t\t<img decoding=\"async\" src=\"https:\/\/cwinsystems.com\/inicio\/wp-content\/plugins\/masterslider\/public\/assets\/css\/blank.gif\" alt=\"\" title=\"InicioSesion-2\" data-src=\"https:\/\/cwinsystems.com\/inicio\/wp-content\/uploads\/2019\/06\/InicioSesion-2.png\" \/>\n\n\n\t<div class=\"ms-thumb\" ><div class=\"ms-tab-context\"><p style=\"line-height: normal; margin: 0px; padding: 0px;\"><strong>Inicio de Sesi\u00f3n<\/strong><\/p><p style=\"line-height: normal; font-size: x-small;\">La misma credencial de DisPRO se usa para acceder como Agente de Venta, pero solo si tiene acceso a este m\u00f3dulo<\/p><\/div>\n<\/div>\n\t\t\t\t<\/div>\n\t\t\t<div  class=\"ms-slide\" data-delay=\"3\" data-fill-mode=\"fill\"   >\n\t\t\t\t\t<img decoding=\"async\" src=\"https:\/\/cwinsystems.com\/inicio\/wp-content\/plugins\/masterslider\/public\/assets\/css\/blank.gif\" alt=\"\" title=\"Dashboard-1\" data-src=\"https:\/\/cwinsystems.com\/inicio\/wp-content\/uploads\/2019\/06\/Dashboard-1.png\" \/>\n\n\n\t<div class=\"ms-thumb\" ><div class=\"ms-tab-context\"><p style=\"line-height: normal; margin: 0px; padding: 0px;\"><strong>Dashboard<\/strong><\/p><p style=\"line-height: normal; font-size: x-small;\">Consulte las estad\u00edsticas principales del agente de ventas<\/p><\/div>\n<\/div>\n\t\t\t\t<\/div>\n\t\t\t<div  class=\"ms-slide\" data-delay=\"3\" data-fill-mode=\"fill\"   >\n\t\t\t\t\t<img decoding=\"async\" src=\"https:\/\/cwinsystems.com\/inicio\/wp-content\/plugins\/masterslider\/public\/assets\/css\/blank.gif\" alt=\"\" title=\"MisClientes\" data-src=\"https:\/\/cwinsystems.com\/inicio\/wp-content\/uploads\/2019\/06\/MisClientes.png\" \/>\n\n\n\t<div class=\"ms-thumb\" ><div class=\"ms-tab-context\"><p style=\"line-height: normal; margin: 0px; padding: 0px;\"><strong>Lista de Cliente<\/strong><\/p><p style=\"line-height: normal; font-size: x-small;\">El Agente solo tendr\u00e1 acceso a los Clientes que tiene asignado como Agente de Venta, controlando as\u00ed solo su cartera<\/p><\/div>\n<\/div>\n\t\t\t\t<\/div>\n\t\t\t<div  class=\"ms-slide\" data-delay=\"3\" data-fill-mode=\"fill\"   >\n\t\t\t\t\t<img decoding=\"async\" src=\"https:\/\/cwinsystems.com\/inicio\/wp-content\/plugins\/masterslider\/public\/assets\/css\/blank.gif\" alt=\"\" title=\"LocalizarCliente\" data-src=\"https:\/\/cwinsystems.com\/inicio\/wp-content\/uploads\/2019\/06\/LocalizarCliente.png\" \/>\n\n\n\t<div class=\"ms-thumb\" ><div class=\"ms-tab-context\"><p style=\"line-height: normal; margin: 0px; padding: 0px;\"><strong>Ubicaci\u00f3n GPS<\/strong><\/p><p style=\"line-height: normal; font-size: x-small;\">El Agente podr\u00e1 localizar por Google Map o Apple Map el domicilio del cliente y de esta forma trazar una ruta desde su propia ubicaci\u00f3n al cliente<\/p><\/div>\n<\/div>\n\t\t\t\t<\/div>\n\t\t\t<div  class=\"ms-slide\" data-delay=\"3\" data-fill-mode=\"fill\"   >\n\t\t\t\t\t<img decoding=\"async\" src=\"https:\/\/cwinsystems.com\/inicio\/wp-content\/plugins\/masterslider\/public\/assets\/css\/blank.gif\" alt=\"\" title=\"MisPedidos\" data-src=\"https:\/\/cwinsystems.com\/inicio\/wp-content\/uploads\/2019\/06\/MisPedidos.png\" \/>\n\n\n\t<div class=\"ms-thumb\" ><div class=\"ms-tab-context\"><p style=\"line-height: normal; margin: 0px; padding: 0px;\"><strong>Mis Pedidos<\/strong><\/p><p style=\"line-height: normal; font-size: x-small;\">El Agente tendr\u00e1 acceso a todos los pedidos que ha realizado en esta misma plataforma<\/p><\/div>\n<\/div>\n\t\t\t\t<\/div>\n\n\t\t\t<\/div>\n\t\t\t<!-- END MasterSlider Main -->\n\n\t\t\t \n\t\t<\/div>\n\t\t<!-- END MasterSlider -->\n\n\t\t<script>\n\t\t( window.MSReady = window.MSReady || [] ).push( function( $ ) {\n\n\t\t\t\"use strict\";\n\t\t\tvar masterslider_fb21 = new MasterSlider();\n\n\t\t\t\/\/ slider controls\n\t\t\tmasterslider_fb21.control('arrows'     ,{ autohide:true, overVideo:true  });\n\t\t\tmasterslider_fb21.control('thumblist'  ,{ autohide:false, overVideo:true, dir:'h', speed:17, inset:false, arrows:false, hover:false, customClass:'', align:'bottom',type:'tabs', margin:-12, width:240, height:120, space:0, fillMode:'fill' , hideUnder:400 });\n\t\t\tmasterslider_fb21.control('circletimer',{ autohide:false, overVideo:true, color:'#FFFFFF', radius:4, stroke:9   });\n\t\t\t\/\/ slider setup\n\t\t\tmasterslider_fb21.setup(\"MS6a06ea0b5fb21\", {\n\t\t\t\twidth           : 1276,\n\t\t\t\theight          : 788,\n\t\t\t\tminHeight       : 0,\n\t\t\t\tspace           : 0,\n\t\t\t\tstart           : 1,\n\t\t\t\tgrabCursor      : true,\n\t\t\t\tswipe           : true,\n\t\t\t\tmouse           : true,\n\t\t\t\tkeyboard        : false,\n\t\t\t\tlayout          : \"boxed\",\n\t\t\t\twheel           : false,\n\t\t\t\tautoplay        : true,\n                instantStartLayers:false,\n\t\t\t\tmobileBGVideo:false,\n\t\t\t\tloop            : true,\n\t\t\t\tshuffle         : false,\n\t\t\t\tpreload         : 0,\n\t\t\t\theightLimit     : true,\n\t\t\t\tautoHeight      : false,\n\t\t\t\tsmoothHeight    : true,\n\t\t\t\tendPause        : false,\n\t\t\t\toverPause       : true,\n\t\t\t\tfillMode        : \"fill\",\n\t\t\t\tcenterControls  : true,\n\t\t\t\tstartOnAppear   : false,\n\t\t\t\tlayersMode      : \"center\",\n\t\t\t\tautofillTarget  : \"\",\n\t\t\t\thideLayers      : false,\n\t\t\t\tfullscreenMargin: 0,\n\t\t\t\tspeed           : 20,\n\t\t\t\tdir             : \"h\",\n\t\t\t\tresponsive      : true,\n\t\t\t\ttabletWidth     : 768,\n\t\t\t\ttabletHeight    : null,\n\t\t\t\tphoneWidth      : 480,\n\t\t\t\tphoneHeight    : null,\n\t\t\t\tsizingReference : window,\n\t\t\t\tparallaxMode    : 'swipe',\n\t\t\t\tview            : \"basic\"\n\t\t\t});\n\n\t\t\t\n\t\t\twindow.masterslider_instances = window.masterslider_instances || [];\n\t\t\twindow.masterslider_instances.push( masterslider_fb21 );\n\t\t});\n\t\t<\/script>\n\n\n<div class=\"spacer\"><\/div><!-- .spacer (end) -->\n<p style=\"text-align: center;\">Para mayor informaci\u00f3n vea las Ediciones disponibles, <a href=\"https:\/\/cwinsystems.com\/inicio\/dispro\/dispro-ediciones\/\">Clic Aqu\u00ed<\/a><\/p>\n","protected":false},"excerpt":{"rendered":"<p>DisPRO &gt; Agente En L\u00ednea Disponible en Edici\u00f3n UCloud Tour por Agente En L\u00ednea Para mayor informaci\u00f3n vea las Ediciones disponibles, Clic Aqu\u00ed<\/p>\n","protected":false},"author":1,"featured_media":3063,"parent":2088,"menu_order":0,"comment_status":"closed","ping_status":"closed","template":"page-home.php","meta":{"footnotes":""},"class_list":["post-3077","page","type-page","status-publish","has-post-thumbnail","hentry"],"_links":{"self":[{"href":"https:\/\/cwinsystems.com\/inicio\/wp-json\/wp\/v2\/pages\/3077","targetHints":{"allow":["GET"]}}],"collection":[{"href":"https:\/\/cwinsystems.com\/inicio\/wp-json\/wp\/v2\/pages"}],"about":[{"href":"https:\/\/cwinsystems.com\/inicio\/wp-json\/wp\/v2\/types\/page"}],"author":[{"embeddable":true,"href":"https:\/\/cwinsystems.com\/inicio\/wp-json\/wp\/v2\/users\/1"}],"replies":[{"embeddable":true,"href":"https:\/\/cwinsystems.com\/inicio\/wp-json\/wp\/v2\/comments?post=3077"}],"version-history":[{"count":5,"href":"https:\/\/cwinsystems.com\/inicio\/wp-json\/wp\/v2\/pages\/3077\/revisions"}],"predecessor-version":[{"id":3177,"href":"https:\/\/cwinsystems.com\/inicio\/wp-json\/wp\/v2\/pages\/3077\/revisions\/3177"}],"up":[{"embeddable":true,"href":"https:\/\/cwinsystems.com\/inicio\/wp-json\/wp\/v2\/pages\/2088"}],"wp:featuredmedia":[{"embeddable":true,"href":"https:\/\/cwinsystems.com\/inicio\/wp-json\/wp\/v2\/media\/3063"}],"wp:attachment":[{"href":"https:\/\/cwinsystems.com\/inicio\/wp-json\/wp\/v2\/media?parent=3077"}],"curies":[{"name":"wp","href":"https:\/\/api.w.org\/{rel}","templated":true}]}}