{"id":3103,"date":"2019-06-21T18:22:04","date_gmt":"2019-06-22T01:22:04","guid":{"rendered":"http:\/\/cwinsystems.com\/inicio\/?page_id=3103"},"modified":"2025-10-22T11:19:35","modified_gmt":"2025-10-22T18:19:35","slug":"web-service","status":"publish","type":"page","link":"https:\/\/cwinsystems.com\/inicio\/dispro\/web-service\/","title":{"rendered":"Web Service Soap"},"content":{"rendered":"<h3 id='dispro->-web-service-soap'  id=\"boomdevs_1\" style=\"text-align: center;\"><a href=\"https:\/\/cwinsystems.com\/inicio\/dispro\/\">DisPRO<\/a> &gt; Web Service Soap<\/h3>\n<h6 id='disponible-en-edici\u00f3n-premium-2-profesional-2-ultimate-y-ucloud'  id=\"boomdevs_2\" style=\"text-align: center;\">Disponible en Edici\u00f3n Premium 2, Profesional 2, Ultimate y UCloud<\/h6>\n<div class=\"row \">\n<div class=\"span8 \"><p>Es una tecnolog\u00eda que utiliza un conjunto de protocolos y est\u00e1ndares que sirven para intercambiar datos entre aplicaciones. Distintas aplicaciones de software desarrolladas en lenguajes de programaci\u00f3n diferentes, y ejecutadas sobre cualquier plataforma, pueden utilizar los servicios web para intercambiar datos en redes de ordenadores como Internet.<\/p>\n<p>Esto permite que Sitios Web, u otras aplicaciones se comuniquen con DisPRO con varios protocolos de seguridad.<\/p>\n<p>Trabaja conjuntamente con <a href=\"https:\/\/cwinsystems.com\/inicio\/dispro\/monitor-pos\/\">Monitor POS<\/a> para la generaci\u00f3n de Facturas electr\u00f3nicas, cuando le son requeridas al Web Service.<\/p>\n<p>Si desea conocer informaci\u00f3n mas t\u00e9cnica de las Funciones con las que cuenta el Web Service, <a href=\"https:\/\/cwinsystems.com\/dispro\/HTML\/web_service.htm\" target=\"_blank\" rel=\"noopener noreferrer\">clic aqu\u00ed<\/a><\/p><\/div>\n<div class=\"span4 \"><p><img loading=\"lazy\" decoding=\"async\" class=\"alignnone size-medium wp-image-2794\" src=\"https:\/\/cwinsystems.com\/inicio\/wp-content\/uploads\/2019\/06\/Web-Service-Icon-300x233.png\" alt=\"\" width=\"300\" height=\"233\" srcset=\"https:\/\/cwinsystems.com\/inicio\/wp-content\/uploads\/2019\/06\/Web-Service-Icon-300x233.png 300w, https:\/\/cwinsystems.com\/inicio\/wp-content\/uploads\/2019\/06\/Web-Service-Icon.png 480w\" sizes=\"auto, (max-width: 300px) 100vw, 300px\" \/><\/p><\/div>\n<\/div><!-- .row (end) -->\n<div class=\"spacer\"><\/div><!-- .spacer (end) -->\n<p style=\"text-align: center;\">Para mayor informaci\u00f3n vea las Ediciones disponibles, <a href=\"https:\/\/cwinsystems.com\/inicio\/dispro\/dispro-ediciones\/\">Clic Aqu\u00ed<\/a><\/p>\n<p style=\"text-align: center;\">\n","protected":false},"excerpt":{"rendered":"<p>DisPRO &gt; Web Service Soap Disponible en Edici\u00f3n Premium 2, Profesional 2, Ultimate y UCloud Para mayor informaci\u00f3n vea las Ediciones disponibles, Clic Aqu\u00ed<\/p>\n","protected":false},"author":1,"featured_media":2794,"parent":2088,"menu_order":0,"comment_status":"closed","ping_status":"closed","template":"page-home.php","meta":{"footnotes":""},"class_list":["post-3103","page","type-page","status-publish","has-post-thumbnail","hentry"],"_links":{"self":[{"href":"https:\/\/cwinsystems.com\/inicio\/wp-json\/wp\/v2\/pages\/3103","targetHints":{"allow":["GET"]}}],"collection":[{"href":"https:\/\/cwinsystems.com\/inicio\/wp-json\/wp\/v2\/pages"}],"about":[{"href":"https:\/\/cwinsystems.com\/inicio\/wp-json\/wp\/v2\/types\/page"}],"author":[{"embeddable":true,"href":"https:\/\/cwinsystems.com\/inicio\/wp-json\/wp\/v2\/users\/1"}],"replies":[{"embeddable":true,"href":"https:\/\/cwinsystems.com\/inicio\/wp-json\/wp\/v2\/comments?post=3103"}],"version-history":[{"count":9,"href":"https:\/\/cwinsystems.com\/inicio\/wp-json\/wp\/v2\/pages\/3103\/revisions"}],"predecessor-version":[{"id":5355,"href":"https:\/\/cwinsystems.com\/inicio\/wp-json\/wp\/v2\/pages\/3103\/revisions\/5355"}],"up":[{"embeddable":true,"href":"https:\/\/cwinsystems.com\/inicio\/wp-json\/wp\/v2\/pages\/2088"}],"wp:featuredmedia":[{"embeddable":true,"href":"https:\/\/cwinsystems.com\/inicio\/wp-json\/wp\/v2\/media\/2794"}],"wp:attachment":[{"href":"https:\/\/cwinsystems.com\/inicio\/wp-json\/wp\/v2\/media?parent=3103"}],"curies":[{"name":"wp","href":"https:\/\/api.w.org\/{rel}","templated":true}]}}