{"id":3314,"date":"2019-07-05T14:08:43","date_gmt":"2019-07-05T21:08:43","guid":{"rendered":"https:\/\/cwinsystems.com\/inicio\/?page_id=3314"},"modified":"2020-07-16T14:08:32","modified_gmt":"2020-07-16T21:08:32","slug":"monitor-pos","status":"publish","type":"page","link":"https:\/\/cwinsystems.com\/inicio\/dispro\/monitor-pos\/","title":{"rendered":"Monitor POS"},"content":{"rendered":"<h3 id='dispro->-monitor-pos'  id=\"boomdevs_1\" style=\"text-align: center;\"><a href=\"https:\/\/cwinsystems.com\/inicio\/dispro\/\">DisPRO<\/a> &gt; Monitor POS<\/h3>\n<h6 id='disponible-en-edici\u00f3n-premium-profesional-ultimate-y-ucloud'  id=\"boomdevs_2\" style=\"text-align: center;\">Disponible en Edici\u00f3n Premium, Profesional, Ultimate y UCloud<\/h6>\n<div class=\"spacer\"><\/div><!-- .spacer (end) --><div class=\"row \"><div class=\"span6 \"><p>M\u00f3dulo silencioso que se ejecuta en el servidor para estar consultando peri\u00f3dicamente los procesos que requieren de su intervenci\u00f3n, de lo cual est\u00e1 encargado de procesar las operaciones de:<\/p>\n<ul>\n<li>Impresi\u00f3n de Surtido de Comandas hechas en <a href=\"https:\/\/cwinsystems.com\/inicio\/dispro\/pos-movil\/\">POS M\u00f3vil<\/a>.<\/li>\n<li>Generaci\u00f3n de Factura Electr\u00f3nica hecha en <a href=\"https:\/\/cwinsystems.com\/inicio\/dispro\/dispro-movil\/\">DisPRO M\u00f3vil<\/a><\/li>\n<li>Generaci\u00f3n de Recibo Electr\u00f3nico hecho en <a href=\"https:\/\/cwinsystems.com\/inicio\/dispro\/dispro-movil\/\">DisPRO M\u00f3vil<\/a><\/li>\n<li>Generaci\u00f3n de Factura Electr\u00f3nica hecha en <a href=\"https:\/\/cwinsystems.com\/inicio\/dispro\/web-service\/\">Web Service<\/a><\/li>\n<li>Generaci\u00f3n de Recibo Electr\u00f3nico hecho en <a href=\"https:\/\/cwinsystems.com\/inicio\/dispro\/web-service\/\">Web Service<\/a><\/li>\n<li>Es multi empresa<\/li>\n<\/ul><\/div>\n<div class=\"span6 \"><p><img loading=\"lazy\" decoding=\"async\" class=\"aligncenter wp-image-3315 \" src=\"https:\/\/cwinsystems.com\/inicio\/wp-content\/uploads\/2019\/07\/MonitorPOS.png\" alt=\"\" width=\"540\" height=\"327\" srcset=\"https:\/\/cwinsystems.com\/inicio\/wp-content\/uploads\/2019\/07\/MonitorPOS.png 856w, https:\/\/cwinsystems.com\/inicio\/wp-content\/uploads\/2019\/07\/MonitorPOS-600x363.png 600w, https:\/\/cwinsystems.com\/inicio\/wp-content\/uploads\/2019\/07\/MonitorPOS-300x182.png 300w, https:\/\/cwinsystems.com\/inicio\/wp-content\/uploads\/2019\/07\/MonitorPOS-768x465.png 768w\" sizes=\"auto, (max-width: 540px) 100vw, 540px\" \/><\/p><\/div><\/div><!-- .row (end) -->\n<p style=\"text-align: center;\">\n<div class=\"spacer\"><\/div><!-- .spacer (end) -->\n<p style=\"text-align: center;\">Para mayor informaci\u00f3n vea las Ediciones disponibles, <a href=\"https:\/\/cwinsystems.com\/inicio\/dispro\/dispro-ediciones\/\">Clic Aqu\u00ed<\/a><\/p>\n","protected":false},"excerpt":{"rendered":"<p>DisPRO &gt; Monitor POS Disponible en Edici\u00f3n Premium, Profesional, Ultimate y UCloud Para mayor informaci\u00f3n vea las Ediciones disponibles, Clic Aqu\u00ed<\/p>\n","protected":false},"author":1,"featured_media":3315,"parent":2088,"menu_order":0,"comment_status":"closed","ping_status":"closed","template":"page-home.php","meta":{"footnotes":""},"class_list":["post-3314","page","type-page","status-publish","has-post-thumbnail","hentry"],"_links":{"self":[{"href":"https:\/\/cwinsystems.com\/inicio\/wp-json\/wp\/v2\/pages\/3314","targetHints":{"allow":["GET"]}}],"collection":[{"href":"https:\/\/cwinsystems.com\/inicio\/wp-json\/wp\/v2\/pages"}],"about":[{"href":"https:\/\/cwinsystems.com\/inicio\/wp-json\/wp\/v2\/types\/page"}],"author":[{"embeddable":true,"href":"https:\/\/cwinsystems.com\/inicio\/wp-json\/wp\/v2\/users\/1"}],"replies":[{"embeddable":true,"href":"https:\/\/cwinsystems.com\/inicio\/wp-json\/wp\/v2\/comments?post=3314"}],"version-history":[{"count":6,"href":"https:\/\/cwinsystems.com\/inicio\/wp-json\/wp\/v2\/pages\/3314\/revisions"}],"predecessor-version":[{"id":3647,"href":"https:\/\/cwinsystems.com\/inicio\/wp-json\/wp\/v2\/pages\/3314\/revisions\/3647"}],"up":[{"embeddable":true,"href":"https:\/\/cwinsystems.com\/inicio\/wp-json\/wp\/v2\/pages\/2088"}],"wp:featuredmedia":[{"embeddable":true,"href":"https:\/\/cwinsystems.com\/inicio\/wp-json\/wp\/v2\/media\/3315"}],"wp:attachment":[{"href":"https:\/\/cwinsystems.com\/inicio\/wp-json\/wp\/v2\/media?parent=3314"}],"curies":[{"name":"wp","href":"https:\/\/api.w.org\/{rel}","templated":true}]}}