{"id":3558,"date":"2020-05-26T18:45:59","date_gmt":"2020-05-27T01:45:59","guid":{"rendered":"https:\/\/cwinsystems.com\/inicio\/?page_id=3558"},"modified":"2020-05-26T19:10:19","modified_gmt":"2020-05-27T02:10:19","slug":"lista-negra","status":"publish","type":"page","link":"https:\/\/cwinsystems.com\/inicio\/dispro\/lista-negra\/","title":{"rendered":"Lista Negra"},"content":{"rendered":"<h3 id='dispro->-lista-negra'  id=\"boomdevs_1\" style=\"text-align: center;\"><a href=\"https:\/\/cwinsystems.com\/inicio\/dispro\/\">DisPRO<\/a> &gt; Lista Negra<\/h3>\n<h6 id='disponible-en-edici\u00f3n-profesional-ultimate-y-ucloud'  id=\"boomdevs_2\" style=\"text-align: center;\">Disponible en Edici\u00f3n\u00a0 Profesional, Ultimate y UCloud<\/h6>\n<div class=\"row \">\n<div class=\"span7 \"><h4 id='evite-multas-o-c\u00e1rcel-por-recibir-facturas-de-proveedores-en-la-lista-negra-del-sat'  id=\"boomdevs_3\">Evite multas o c\u00e1rcel por recibir Facturas de Proveedores en la Lista Negra del SAT:<\/h4>\n<h4 id='qu\u00e9-son-las-llamadas-listas-negras'  id=\"boomdevs_4\"><strong>\u00bfQu\u00e9 son las llamadas listas negras?<\/strong><\/h4>\n<p>Las Listas negras del\u00a0SAT, son listados donde se relacionan a contribuyentes con irregularidades en su situaci\u00f3n fiscal y aquellos que se presume realizaron operaciones inexistentes.<\/p>\n<h4 id='art\u00edculo-69-cff'  id=\"boomdevs_5\"><strong>Art\u00edculo 69 CFF<\/strong><\/h4>\n<p>Se\u00f1ala en su p\u00e1rrafo d\u00e9cimo segundo que se puede dar a conocer el nombre, denominaci\u00f3n o raz\u00f3n social y clave del RFC de Contribuyentes, por lo cual no aplica la reserva de informaci\u00f3n en estos supuestos:<\/p>\n<ul>\n<li>Contribuyentes con domicilio fiscal no localizados<\/li>\n<li>Aquellos que cuentan con cr\u00e9ditos fiscales firmes<\/li>\n<li>Los que tienen cr\u00e9ditos exigibles, no pagados o garantizados<\/li>\n<li>A quienes se les haya cancelado cr\u00e9ditos fiscales<\/li>\n<li>Contribuyentes con cr\u00e9ditos condonados<\/li>\n<li>Que haya reca\u00eddo sobre ellos sentencia condenatoria ejecutoria por la comisi\u00f3n de un delito fiscal.<\/li>\n<\/ul>\n<h4 id='art\u00edculo-69-b'  id=\"boomdevs_6\"><strong>Art\u00edculo 69-B<\/strong><\/h4>\n<p>Define quienes se presume que realizan operaciones inexistentes amparadas en comprobantes fiscales y son aquellos que no cuentan con los activos, personal, infraestructura o capacidad material, directa o indirectamente, para prestar los servicios o producir, comercializar o entregar los bienes que amparan tales comprobantes, o bien, que dichos contribuyentes se encuentren no localizados.<\/p>\n<h4 id='cada-cuando-se-actualizan-los-listados'  id=\"boomdevs_7\"><strong>\u00bfCada cuando se actualizan los listados?<\/strong><\/h4>\n<p>Se actualizan de manera trimestral en base a la regla 1.3 de la RMF y al art\u00edculo 69B CFF, el listado referente al art\u00edculo 69 se publica a trav\u00e9s de la p\u00e1gina del SAT y el 69 B a trav\u00e9s del\u00a0Diario Oficial de la Federaci\u00f3n, as\u00ed como en el\u00a0sitio de Internet del SAT. Los datos publicados son abiertos para todo el p\u00fablico, por lo que cualquier persona puede acceder y conocer qu\u00e9 contribuyentes est\u00e1n implicados.<\/p>\n<p>La mayor\u00eda de los contribuyentes realizan operaciones con diversos proveedores de acuerdo con sus actividades y sucede que en ocasiones no saben si estos est\u00e1n cumpliendo con sus\u00a0obligaciones fiscales. En este sentido, la lista sirve para que revisen y se den cuenta de si sus proveedores caen en los supuestos del art. 69 y 69B del CFF.<\/p>\n<p>Por ello, es muy importante revisar constantemente las actualizaciones que el fisco hace de estas listas.<\/p>\n<h4 id='qu\u00e9-pasa-si-realizaste-alguna-operaci\u00f3n-con-alg\u00fan-contribuyente-que-se-presumen-realiza-operaciones-simuladas'  id=\"boomdevs_8\"><strong>\u00bfQu\u00e9 pasa si realizaste alguna operaci\u00f3n con alg\u00fan contribuyente que se presumen realiza operaciones simuladas?<\/strong><\/h4>\n<p>Si realizaste operaciones con alg\u00fan contribuyente publicado en la lista del 69B, y diste alg\u00fan efecto fiscal a las facturas expedidas por este, aunque tus operaciones no sean simuladas, la autoridad presume que son EDOS, y tendr\u00e1 que demostrar lo contrario.<\/p>\n<h5 id='qu\u00e9-son-edos'  id=\"boomdevs_9\"><strong>\u00bfQu\u00e9 son EDOS?<\/strong><strong>\u00a0<\/strong><\/h5>\n<p>Son <strong>E<\/strong>mpresas que <strong>D<\/strong>educen <strong>O<\/strong>peraciones <strong>S<\/strong>imuladas sin recibir la mercanc\u00eda o servicio facturado, y deducen tal comprobante fiscal para disminuir su base del Impuesto Sobre la Renta y a su vez generar saldos a favor de Impuesto al Valor Agregado.<\/p>\n<h5 id='qu\u00e9-son-efos'  id=\"boomdevs_10\"><strong>\u00bfQu\u00e9 son EFOS?<\/strong><\/h5>\n<p>Son Empresas Facturadoras de Operaciones Simuladas, y una vez que los ha detectado el SAT, proceder\u00e1 a notificarles que se encuentran en un listado presunto publicado en el Diario Oficial de la Federaci\u00f3n y que cuentan con 15 d\u00edas para manifestar lo que a su derecho convenga y aportar pruebas.<strong>\u00a0<\/strong><\/p>\n<h5 id='factura-falsa'  id=\"boomdevs_11\"><strong>\u00bfFactura Falsa?<\/strong><\/h5>\n<p>Algunos contribuyentes consideran que las operaciones simuladas o inexistentes se llevan a cabo por medio de la emisi\u00f3n de una \u201cfactura falsa\u201d, lo cual es incorrecto, ya que la factura emitida cumple con los requisitos fiscales necesarios para que se certifique; lo que es falso es la operaci\u00f3n que ampara que en realidad no existe.<\/p>\n<h4 id='infracciones-y-delitos-fiscales-previstos-en-el-cff'  id=\"boomdevs_12\"><strong>Infracciones y delitos fiscales previstos en el CFF<\/strong><\/h4>\n<p>Los EDOS y EFOS est\u00e1n sujetos a sanciones por parte de la autoridad fiscal, por lo que es importante que conozca dichas sanciones:<\/p>\n<h5 id='son-consideras-infracciones'  id=\"boomdevs_13\"><strong>Son consideras infracciones<\/strong><\/h5>\n<div class=\"_2cuy _3dgx\" data-block=\"true\" data-editor=\"7c0ne\" data-offset-key=\"6hjce-0-0\">\n<table style=\"border: 1px; height: 502px;\" width=\"588\">\n<tbody>\n<tr>\n<td><strong>Supuesto<\/strong><\/td>\n<td><strong>Fundamento<\/strong><\/td>\n<td><strong>Sanci\u00f3n<\/strong><\/td>\n<td><strong>Sanci\u00f3n pecuniaria<\/strong><\/td>\n<\/tr>\n<tr>\n<td><strong>Emisor que realice comprobantes con operaciones inexistentes <\/strong><\/td>\n<td>Art. 17-H, fracc. X, inciso c) CFF<\/td>\n<td>Dejar sin efectos los certificados<\/td>\n<td><\/td>\n<\/tr>\n<tr>\n<td><strong>Receptor que no puede demostrar la operaci\u00f3n amparada por el comprobante<\/strong><\/td>\n<td>Art. 83, fracc. XVIII y 84, fracc. XVI del CFF<\/td>\n<td><\/td>\n<td>De <strong>$13,280.00<\/strong> a <strong>$75,890.00<\/strong><\/p>\n<p>*Se aumentan del 100 al 150% en caso de que se cometa cohecho<\/td>\n<\/tr>\n<\/tbody>\n<\/table>\n<\/div>\n<h5 id='son-considerados-delitos'  id=\"boomdevs_14\" class=\"_1mf _1mj\" data-offset-key=\"6hjce-0-0\"><strong>Son considerados delitos<\/strong><\/h5>\n<table style=\"height: 415px;\" width=\"588\">\n<tbody>\n<tr>\n<td width=\"274\"><strong>Supuesto<\/strong><\/td>\n<td width=\"151\"><strong>Fundamento<\/strong><\/td>\n<td width=\"189\"><strong>Sanci\u00f3n penal<\/strong><\/td>\n<\/tr>\n<tr>\n<td width=\"274\"><strong>Adquiera comprobantes fiscales que amparen operaciones inexistentes, falsas o\u00a0 actos jur\u00eddicos<\/strong><\/td>\n<td width=\"151\">Art. 113, fracc. III CFF<\/td>\n<td width=\"189\">De tres meses a seis a\u00f1os de prisi\u00f3n<\/td>\n<\/tr>\n<tr>\n<td width=\"274\"><strong>Expida, adquiera o enajene comprobantes fiscales por operaciones inexistentes<\/strong><\/td>\n<td width=\"151\">Art. 113 Bis CFF<\/td>\n<td width=\"189\">De tres a seis a\u00f1os de prisi\u00f3n<\/td>\n<\/tr>\n<\/tbody>\n<\/table><\/div>\n<div class=\"span5 \"><p><img loading=\"lazy\" decoding=\"async\" class=\"alignnone size-full wp-image-3577\" src=\"https:\/\/cwinsystems.com\/inicio\/wp-content\/uploads\/2020\/05\/ListaNegraSAT.png\" alt=\"\" width=\"532\" height=\"673\" srcset=\"https:\/\/cwinsystems.com\/inicio\/wp-content\/uploads\/2020\/05\/ListaNegraSAT.png 532w, https:\/\/cwinsystems.com\/inicio\/wp-content\/uploads\/2020\/05\/ListaNegraSAT-237x300.png 237w\" sizes=\"auto, (max-width: 532px) 100vw, 532px\" \/><\/p><\/div>\n<h4 id='row'  id=\"boomdevs_15\"><\/div><!-- .row (end) --><\/h4>\n<h4 id='control-de-lista-negra-con-dispro'  id=\"boomdevs_16\">CONTROL DE LISTA NEGRA CON DISPRO<\/h4>\n<p>Para evitar que se preocupe por este Listado Negro que puede ser un dolor de cabeza en su empresa, hemos incorporado de forma natural dentro de las operaciones cotidianas del sistema el control automatizado:<\/p>\n<ul>\n<li>Actualizaci\u00f3n de la Lista Negra del SAT<\/li>\n<li>Comprobaci\u00f3n de Proveedores en captura de Compras<\/li>\n<li>Comprobaci\u00f3n de Proveedores en captura de Facturas de Servicio<\/li>\n<li>Consulta de situaci\u00f3n de Proveedores actuales en la Lista Negra<\/li>\n<li>Complemento adicional con Opini\u00f3n de Cumplimiento de Obligaciones Fiscales, ver <a href=\"https:\/\/cwinsystems.com\/inicio\/dispro\/proveedor-en-linea\/\">Proveedor En L\u00ednea<\/a><\/li>\n<\/ul>\n<div class=\"spacer\"><\/div><!-- .spacer (end) -->\n<h3 id='tour-por-lista-negra'  id=\"boomdevs_17\" style=\"text-align: center;\">Tour por Lista Negra<\/h3>\n<div class=\"spacer\"><\/div><!-- .spacer (end) -->\n<p style=\"text-align: center;\">\n\t\t<!-- MasterSlider -->\n\t\t<div id=\"P_MS69ec93cc6d127\" class=\"master-slider-parent ms-tabs-template ms-parent-id-30\" style=\"max-width:971px;\"  >\n\n\t\t\t\n\t\t\t<!-- MasterSlider Main -->\n\t\t\t<div id=\"MS69ec93cc6d127\" class=\"master-slider ms-skin-default\" >\n\t\t\t\t \t\t\t\t \n\n\t\t\t<div  class=\"ms-slide\" data-delay=\"3\" data-fill-mode=\"fill\"   >\n\t\t\t\t\t<img decoding=\"async\" src=\"https:\/\/cwinsystems.com\/inicio\/wp-content\/plugins\/masterslider\/public\/assets\/css\/blank.gif\" alt=\"\" title=\"Proveedor_En_La_ListaNegra\" data-src=\"https:\/\/cwinsystems.com\/inicio\/wp-content\/uploads\/2020\/05\/Proveedor_En_La_ListaNegra.png\" \/>\n\n\n\t<div class=\"ms-thumb\" ><div class=\"ms-tab-context\"><p style=\"line-height: normal; margin: 0px; padding: 0px;\"><strong>Detectar Proveedores en Lista Negra<\/strong><\/p><p style=\"line-height: normal; font-size: x-small;\">Del mismo cat\u00e1logo de Proveedores y Acreedores se puede verificar si existen alguno de ellos ya catalogados en el SAT dentro de la Lista Negra y de esta forma tomar medidas necesarias para contrarrestar operaciones con los supuestos.<\/p><\/div>\n<\/div>\n\t\t\t\t<\/div>\n\t\t\t<div  class=\"ms-slide\" data-delay=\"3\" data-fill-mode=\"center\"   >\n\t\t\t\t\t<img decoding=\"async\" src=\"https:\/\/cwinsystems.com\/inicio\/wp-content\/plugins\/masterslider\/public\/assets\/css\/blank.gif\" alt=\"\" title=\"AutoActualiza_ListaNegra\" data-src=\"https:\/\/cwinsystems.com\/inicio\/wp-content\/uploads\/2020\/05\/AutoActualiza_ListaNegra.png\" \/>\n\n\n\t<div class=\"ms-thumb\" ><div class=\"ms-tab-context\"><p style=\"line-height: normal; margin: 0px; padding: 0px;\"><strong>Actualizaci\u00f3n automatizada de la Lista Negra<\/strong><\/p><p style=\"line-height: normal; font-size: x-small;\">A trav\u00e9s de este m\u00f3dulo cualquier usuario podr\u00e1 actualizar el cat\u00e1logo de la Lista Negra con un solo Clic<\/p><\/div>\n<\/div>\n\t\t\t\t<\/div>\n\t\t\t<div  class=\"ms-slide\" data-delay=\"3\" data-fill-mode=\"fill\"   >\n\t\t\t\t\t<img decoding=\"async\" src=\"https:\/\/cwinsystems.com\/inicio\/wp-content\/plugins\/masterslider\/public\/assets\/css\/blank.gif\" alt=\"\" title=\"CompraValidaProveedorListaNegra\" data-src=\"https:\/\/cwinsystems.com\/inicio\/wp-content\/uploads\/2020\/05\/CompraValidaProveedorListaNegra.png\" \/>\n\n\n\t<div class=\"ms-thumb\" ><div class=\"ms-tab-context\"><p style=\"line-height: normal; margin: 0px; padding: 0px;\"><strong>Detecci\u00f3n de Supuestos en Capturas<\/strong><\/p><p style=\"line-height: normal; font-size: x-small;\">Al realizar capturas de Compras o Servicios, al elegir al Proveedor o Acreedor, el sistema verificar\u00e1 que No se encuentre en la Lista Negra, de lo contrario No permitir\u00e1 la captura de dicha Factura.<\/p><\/div>\n<\/div>\n\t\t\t\t<\/div>\n\n\t\t\t<\/div>\n\t\t\t<!-- END MasterSlider Main -->\n\n\t\t\t \n\t\t<\/div>\n\t\t<!-- END MasterSlider -->\n\n\t\t<script>\n\t\t( window.MSReady = window.MSReady || [] ).push( function( $ ) {\n\n\t\t\t\"use strict\";\n\t\t\tvar masterslider_d127 = new MasterSlider();\n\n\t\t\t\/\/ slider controls\n\t\t\tmasterslider_d127.control('arrows'     ,{ autohide:true, overVideo:true  });\n\t\t\tmasterslider_d127.control('thumblist'  ,{ autohide:false, overVideo:true, dir:'h', speed:17, inset:false, arrows:false, hover:false, customClass:'', align:'bottom',type:'tabs', margin:-12, width:240, height:120, space:0, fillMode:'fill' , hideUnder:400 });\n\t\t\tmasterslider_d127.control('circletimer',{ autohide:false, overVideo:true, color:'#FFFFFF', radius:4, stroke:9   });\n\t\t\t\/\/ slider setup\n\t\t\tmasterslider_d127.setup(\"MS69ec93cc6d127\", {\n\t\t\t\twidth           : 971,\n\t\t\t\theight          : 732,\n\t\t\t\tminHeight       : 0,\n\t\t\t\tspace           : 0,\n\t\t\t\tstart           : 1,\n\t\t\t\tgrabCursor      : true,\n\t\t\t\tswipe           : true,\n\t\t\t\tmouse           : true,\n\t\t\t\tkeyboard        : false,\n\t\t\t\tlayout          : \"boxed\",\n\t\t\t\twheel           : false,\n\t\t\t\tautoplay        : true,\n                instantStartLayers:false,\n\t\t\t\tmobileBGVideo:false,\n\t\t\t\tloop            : true,\n\t\t\t\tshuffle         : false,\n\t\t\t\tpreload         : 0,\n\t\t\t\theightLimit     : true,\n\t\t\t\tautoHeight      : false,\n\t\t\t\tsmoothHeight    : true,\n\t\t\t\tendPause        : false,\n\t\t\t\toverPause       : true,\n\t\t\t\tfillMode        : \"fill\",\n\t\t\t\tcenterControls  : true,\n\t\t\t\tstartOnAppear   : false,\n\t\t\t\tlayersMode      : \"center\",\n\t\t\t\tautofillTarget  : \"\",\n\t\t\t\thideLayers      : false,\n\t\t\t\tfullscreenMargin: 0,\n\t\t\t\tspeed           : 20,\n\t\t\t\tdir             : \"h\",\n\t\t\t\tresponsive      : true,\n\t\t\t\ttabletWidth     : 768,\n\t\t\t\ttabletHeight    : null,\n\t\t\t\tphoneWidth      : 480,\n\t\t\t\tphoneHeight    : null,\n\t\t\t\tsizingReference : window,\n\t\t\t\tparallaxMode    : 'swipe',\n\t\t\t\tview            : \"basic\"\n\t\t\t});\n\n\t\t\t\n\t\t\twindow.masterslider_instances = window.masterslider_instances || [];\n\t\t\twindow.masterslider_instances.push( masterslider_d127 );\n\t\t});\n\t\t<\/script>\n\n\n<div class=\"spacer\"><\/div><!-- .spacer (end) -->\n<p style=\"text-align: center;\">Para mayor informaci\u00f3n vea las Ediciones disponibles, <a href=\"https:\/\/cwinsystems.com\/inicio\/dispro\/dispro-ediciones\/\">Clic Aqu\u00ed<\/a><\/p>\n","protected":false},"excerpt":{"rendered":"<p>DisPRO &gt; Lista Negra Disponible en Edici\u00f3n\u00a0 Profesional, Ultimate y UCloud CONTROL DE LISTA NEGRA CON DISPRO Para evitar que se preocupe por este Listado Negro que puede ser un dolor de cabeza en su empresa, hemos incorporado de forma natural dentro de las operaciones cotidianas del sistema el control automatizado: Actualizaci\u00f3n de la Lista Negra del SAT Comprobaci\u00f3n de&nbsp;<a href=\"https:\/\/cwinsystems.com\/inicio\/dispro\/lista-negra\/\" class=\"read-more\">Continue Reading<\/a><\/p>\n","protected":false},"author":1,"featured_media":0,"parent":2088,"menu_order":0,"comment_status":"closed","ping_status":"closed","template":"page-fullwidth.php","meta":{"footnotes":""},"class_list":["post-3558","page","type-page","status-publish","hentry"],"_links":{"self":[{"href":"https:\/\/cwinsystems.com\/inicio\/wp-json\/wp\/v2\/pages\/3558","targetHints":{"allow":["GET"]}}],"collection":[{"href":"https:\/\/cwinsystems.com\/inicio\/wp-json\/wp\/v2\/pages"}],"about":[{"href":"https:\/\/cwinsystems.com\/inicio\/wp-json\/wp\/v2\/types\/page"}],"author":[{"embeddable":true,"href":"https:\/\/cwinsystems.com\/inicio\/wp-json\/wp\/v2\/users\/1"}],"replies":[{"embeddable":true,"href":"https:\/\/cwinsystems.com\/inicio\/wp-json\/wp\/v2\/comments?post=3558"}],"version-history":[{"count":14,"href":"https:\/\/cwinsystems.com\/inicio\/wp-json\/wp\/v2\/pages\/3558\/revisions"}],"predecessor-version":[{"id":3580,"href":"https:\/\/cwinsystems.com\/inicio\/wp-json\/wp\/v2\/pages\/3558\/revisions\/3580"}],"up":[{"embeddable":true,"href":"https:\/\/cwinsystems.com\/inicio\/wp-json\/wp\/v2\/pages\/2088"}],"wp:attachment":[{"href":"https:\/\/cwinsystems.com\/inicio\/wp-json\/wp\/v2\/media?parent=3558"}],"curies":[{"name":"wp","href":"https:\/\/api.w.org\/{rel}","templated":true}]}}